{"id":2442,"date":"2020-08-14T12:39:36","date_gmt":"2020-08-14T12:39:36","guid":{"rendered":"https:\/\/govindaklub.hu\/new_govinda\/?page_id=2442"},"modified":"2020-10-06T15:18:23","modified_gmt":"2020-10-06T15:18:23","slug":"vasarlasi-feltetelek","status":"publish","type":"page","link":"https:\/\/govindaklub.hu\/new_govinda\/vasarlasi-feltetelek\/","title":{"rendered":"V\u00e1s\u00e1rl\u00e1si felt\u00e9telek"},"content":{"rendered":"<div class=\"fusion-fullwidth fullwidth-box fusion-builder-row-1 nonhundred-percent-fullwidth non-hundred-percent-height-scrolling\" style=\"--awb-border-radius-top-left:0px;--awb-border-radius-top-right:0px;--awb-border-radius-bottom-right:0px;--awb-border-radius-bottom-left:0px;--awb-flex-wrap:wrap;\" ><div class=\"fusion-builder-row fusion-row\"><div class=\"fusion-layout-column fusion_builder_column fusion-builder-column-0 fusion_builder_column_1_1 1_1 fusion-one-full fusion-column-first fusion-column-last\" style=\"--awb-bg-size:cover;--awb-margin-bottom:0px;\"><div class=\"fusion-column-wrapper fusion-flex-column-wrapper-legacy\"><div class=\"fusion-text fusion-text-1\"><h2 style=\"text-decoration: underline; --fontSize:36; line-height: 1.28;\" data-fontsize=\"36\" data-lineheight=\"46.08px\" class=\"fusion-responsive-typography-calculated\"><strong>V\u00e1s\u00e1rl\u00e1si felt\u00e9telek <\/strong><\/h2>\n<h2 data-fontsize=\"36\" data-lineheight=\"46.08px\" class=\"fusion-responsive-typography-calculated\" style=\"--fontSize:36; line-height: 1.28;\">\u00c1ltal\u00e1nos tudnival\u00f3k, felt\u00e9telek<\/h2>\n<p>A Web\u00e1ruh\u00e1zban t\u00f6rt\u00e9n\u0151 v\u00e1s\u00e1rl\u00e1sra Interneten van lehet\u0151s\u00e9g. A web\u00e1ruh\u00e1zban mindenki v\u00e1s\u00e1rolhat, aki \u00e9rv\u00e9nyes regisztr\u00e1ci\u00f3val rendelkezik vagy regisztr\u00e1ci\u00f3 n\u00e9lk\u00fcl is. Ez\u00e1ltal mag\u00e1ra n\u00e9zve k\u00f6telez\u0151 \u00e9rv\u00e9ny\u0171nek elfogadta jelen \u00fczletszab\u00e1lyzatot. Vev\u0151 felel\u0151ss\u00e9ggel tartozik a regisztr\u00e1lt adatok\u00e9rt. Hamis adatok megad\u00e1sa az Elad\u00f3 tudatos f\u00e9lrevezet\u00e9s\u00e9nek min\u0151s\u00fcl, annak jogi k\u00f6vetkezm\u00e9nyeivel egy\u00fctt. Az elektronikus kereskedelmi szolg\u00e1ltat\u00e1sok, valamint az inform\u00e1ci\u00f3s t\u00e1rsadalommal \u00f6sszef\u00fcgg\u0151 szolg\u00e1ltat\u00e1sok egyes k\u00e9rd\u00e9seir\u0151l sz\u00f3l\u00f3 2011.\u00e9vi CVIII t\u00f6rv\u00e9ny 5.paragr. (2) bek. \u00e9rtelm\u00e9ben k\u00f6telez\u0151en t\u00e1j\u00e9koztatjuk, hogy a szerz\u0151d\u00e9s nyelve: magyar.<\/p>\n<h2 data-fontsize=\"36\" data-lineheight=\"46.08px\" class=\"fusion-responsive-typography-calculated\" style=\"--fontSize:36; line-height: 1.28;\">A term\u00e9k kiv\u00e1laszt\u00e1sa<\/h2>\n<p>A v\u00e1s\u00e1rl\u00f3nak lehet\u0151s\u00e9ge van v\u00e1lasztani, illetve rendelni az \u00e1ruh\u00e1z term\u00e9kei k\u00f6z\u00fcl. A v\u00e1s\u00e1rl\u00f3 a kiv\u00e1lasztott term\u00e9kre kattintva megtekintheti annak b\u0151vebb ismertet\u0151j\u00e9t. V\u00e1s\u00e1rl\u00e1si sz\u00e1nd\u00e9ka eset\u00e9n a megv\u00e1s\u00e1rolni k\u00edv\u00e1nt term\u00e9ket a \u201e<strong>Kos\u00e1rba<\/strong>\u201d gomb megnyom\u00e1s\u00e1val egy virtu\u00e1lis kos\u00e1rba helyezi. A  \u201e<strong>Kos\u00e1r<\/strong>\u201d gombra kattintva megtal\u00e1lja a v\u00e1s\u00e1rl\u00e1s sor\u00e1n kos\u00e1rba helyezett term\u00e9keket, valamint a sz\u00e1mla v\u00e9g\u00f6sszeg\u00e9t \u00e9s a sz\u00e1ll\u00edt\u00e1si k\u00f6lts\u00e9get. Itt leellen\u0151rizhetik rendel\u00e9s\u00fck helyess\u00e9g\u00e9t, k\u00fcl\u00f6n\u00f6s tekintettel az \u00e1rakra \u00e9s a mennyis\u00e9gekre, melyeket ig\u00e9ny szerint m\u00f3dos\u00edthatnak, jav\u00edthatnak is. A kos\u00e1r automatikusan kisz\u00e1m\u00edtja a rendel\u00e9s v\u00e9g\u00f6sszeg\u00e9t.<\/p>\n<\/p>\n<h2 data-fontsize=\"36\" data-lineheight=\"46.08px\" class=\"fusion-responsive-typography-calculated\" style=\"--fontSize:36; line-height: 1.28;\">A rendel\u00e9s elk\u00fcld\u00e9se<\/h2>\n<p>A Web\u00e1ruh\u00e1zban t\u00f6rt\u00e9nt rendel\u00e9ssel minden v\u00e1s\u00e1rl\u00f3 kijelenti, hogy elfogadja jelen \u00fczletszab\u00e1lyzatot, \u00e9s tiszt\u00e1ban van a v\u00e1s\u00e1rl\u00e1s ezen szab\u00e1lyzatban r\u00f6gz\u00edtett menet\u00e9vel. Ha megfelel\u0151nek tartja a kos\u00e1rban elhelyezett term\u00e9kek mennyis\u00e9g\u00e9t, leellen\u0151rizte a v\u00e9g\u00f6sszeget, \u00e9s \u00fagy d\u00f6nt\u00f6tt, hogy meg szeretn\u00e9 v\u00e1s\u00e1rolni \u0151ket, akkor egyszer\u0171en kattintson a \u201c<strong>Fizetek<\/strong>\u201d gombra. Ezut\u00e1n lehet\u0151s\u00e9ge van kiv\u00e1lasztani, hogy m\u00e1r regisztr\u00e1lt v\u00e1s\u00e1rl\u00f3k\u00e9nt szeretne-e bel\u00e9pni, \u00faj v\u00e1s\u00e1rl\u00f3k\u00e9nt akar regisztr\u00e1lni, esetleg regisztr\u00e1ci\u00f3 n\u00e9lk\u00fcl akar v\u00e1s\u00e1rolni. Ha kor\u00e1bban m\u00e1r v\u00e1s\u00e1rolt \u00e1ruh\u00e1zunkban, \u00fagy adja meg a kor\u00e1bbi regisztr\u00e1ci\u00f3 sor\u00e1n megadott email c\u00edm\u00e9t \u00e9s jelszav\u00e1t. Ha \u00faj v\u00e1s\u00e1rl\u00f3k\u00e9nt szeretne regisztr\u00e1lni, akkor adja meg a v\u00e1s\u00e1rl\u00e1shoz sz\u00fcks\u00e9ges adatait, amelyeket a rendszer elt\u00e1rol, \u00e9s a legk\u00f6zelebbi v\u00e1s\u00e1rl\u00e1s alkalm\u00e1val m\u00e1r csak be kell jelentkeznie. Regisztr\u00e1ci\u00f3 n\u00e9lk\u00fcli v\u00e1s\u00e1rl\u00e1s eset\u00e9n adja meg sz\u00e1ml\u00e1z\u00e1si \u00e9s sz\u00e1ll\u00edt\u00e1si c\u00edm\u00e9t. A k\u00f6vetkez\u0151 l\u00e9p\u00e9sben v\u00e1lassza ki az \u00d6nnek megfelel\u0151 sz\u00e1ll\u00edt\u00e1si m\u00f3dot (szem\u00e9lyes \u00e1tv\u00e9tel vagy fut\u00e1rszolg\u00e1lat vagy MPL \u00e1ltal), valamint fizet\u00e9si m\u00f3dot (ut\u00e1nv\u00e9t, bankk\u00e1rtya, banki \u00e1tutal\u00e1s, Paypal, k\u00e9szp\u00e9nz). Ha egyet\u00e9rt a megrendel\u00e9s tartalm\u00e1val, akkor a megrendel\u00e9s elk\u00fcld\u00e9s\u00e9hez kattintson a \u201e<strong>Megrendel\u00e9s<\/strong>\u201d gombra.<\/p>\n<\/p>\n<h2 data-fontsize=\"36\" data-lineheight=\"46.08px\" class=\"fusion-responsive-typography-calculated\" style=\"--fontSize:36; line-height: 1.28;\">\u00c1rak<\/h2>\n<p>\u00c1raink a rendel\u00e9s id\u0151pontj\u00e1ban \u00e9rv\u00e9nyes lista\u00e1rak, amelyeket a web\u00e1ruh\u00e1zban a term\u00e9kek mellett tal\u00e1lnak. Az \u00e1rak brutt\u00f3 \u00e1rak, az \u00c1F\u00c1-t tartalmazz\u00e1k, azonban ezek az \u00e1rak nem tartalmazz\u00e1k a sz\u00e1ll\u00edt\u00e1si k\u00f6lts\u00e9get.<\/p>\n<p>A term\u00e9kek \u00e1rai a magyar jogszab\u00e1lyoknak megfelel\u0151 \u00c1FA m\u00e9rt\u00e9ket tartalmaznak. Mivel egyh\u00e1zi tev\u00e9kenys\u00e9gk\u00e9nt hit\u00e9lettel kapcsolatos term\u00e9keket \u00e1rus\u00edtunk, mely nem gazdas\u00e1gi tev\u00e9kenys\u00e9g, \u00edgy alanyi ad\u00f3mentes sz\u00e1ml\u00e1t \u00e1ll\u00edtunk ki a v\u00e1s\u00e1rl\u00f3nak.<\/p>\n<p>Az akci\u00f3s \u00e1rak a jelzett id\u0151pontig vagy a visszavon\u00e1sig, illetve a k\u00e9szlet erej\u00e9ig \u00e9rv\u00e9nyesek. Az \u00e1rv\u00e1ltoztat\u00e1s jog\u00e1t minden esetben fenntartjuk.<\/p>\n<p>A sz\u00e1ll\u00edt\u00e1si k\u00f6lts\u00e9g a p\u00e9nzt\u00e1r folyamat sor\u00e1n a megrendel\u00e9s v\u00e9gleges\u00edt\u00e9se el\u0151tt, valamint a V\u00e1s\u00e1rl\u00e1si felt\u00e9telek k\u00f6z\u00f6tt is megtal\u00e1lhat\u00f3. Amennyiben a web\u00e1ruh\u00e1zban hiba vagy hi\u00e1nyoss\u00e1g l\u00e9p fel a term\u00e9kekn\u00e9l vagy az \u00e1rakn\u00e1l, fenntartjuk a jogot a korrekci\u00f3ra. Ilyen esetben a hiba felismer\u00e9se illetve m\u00f3dos\u00edt\u00e1sa ut\u00e1n azonnal t\u00e1j\u00e9koztatjuk a vev\u0151t az \u00faj adatokr\u00f3l. A vev\u0151 ezt k\u00f6vet\u0151en m\u00e9g egyszer meger\u0151s\u00edtheti a megrendel\u00e9st, vagy lehet\u0151s\u00e9g van arra, hogy b\u00e1rmely f\u00e9l el\u00e1lljon a szerz\u0151d\u00e9st\u0151l.<\/p>\n<p><strong>A rendel\u00e9sek feldolgoz\u00e1sa <\/strong><\/p>\n<p>A rendel\u00e9sek teljes\u00edt\u00e9se 2-7 munkanapon bel\u00fcl megt\u00f6rt\u00e9nik.<\/p>\n<h2 data-fontsize=\"36\" data-lineheight=\"46.08px\" class=\"fusion-responsive-typography-calculated\" style=\"--fontSize:36; line-height: 1.28;\">Adatbeviteli hib\u00e1k jav\u00edt\u00e1s\u00e1nak lehet\u0151s\u00e9ge<\/h2>\n<p>Az adatbeviteli hib\u00e1k jav\u00edt\u00e1s\u00e1ra a \u201e<strong>Megrendel\u00e9s<\/strong>\u201d gomb megnyom\u00e1sa el\u0151tt van lehet\u0151s\u00e9ge.<\/p>\n<h2 data-fontsize=\"36\" data-lineheight=\"46.08px\" class=\"fusion-responsive-typography-calculated\" style=\"--fontSize:36; line-height: 1.28;\">Visszaigazol\u00e1s<\/h2>\n<p>A k\u00f6vetkez\u0151 alkalmakkor fog a web\u00e1ruh\u00e1z \u00f6nnek automatikus \u00fczenetet k\u00fcldeni:<\/p>\n<ul>\n<li>sikeres megrendel\u00e9s bek\u00fcld\u00e9se<\/li>\n<li>sikeres fizet\u00e9s (bankk\u00e1rtya, PayPal \u00e9s banki \u00e1tutal\u00e1s eset\u00e9n)<\/li>\n<li>a csomag felad\u00e1sa<\/li>\n<\/ul>\n<h2 data-fontsize=\"36\" data-lineheight=\"46.08px\" class=\"fusion-responsive-typography-calculated\" style=\"--fontSize:36; line-height: 1.28;\">Fizet\u00e9si felt\u00e9telek<\/h2>\n<p>\u00c1ruh\u00e1zunkban lehet\u0151s\u00e9g van banki \u00e1tutal\u00e1sra, bankk\u00e1rty\u00e1s fizet\u00e9sre, PayPal fizet\u00e9sre, szem\u00e9lyes \u00e9s ut\u00e1nv\u00e9ttel t\u00f6rt\u00e9n\u0151 fizet\u00e9sre. Ut\u00f3bbi eset\u00e9n a teljes v\u00e9tel\u00e1rat sz\u00e1ll\u00edt\u00e1si k\u00f6lts\u00e9ggel egy\u00fctt a k\u00fcldem\u00e9ny \u00e1tv\u00e9telekor kell kifizetni k\u00e9szp\u00e9nzben a k\u00fcldem\u00e9ny k\u00e9zbes\u00edt\u0151j\u00e9nek.<\/p>\n<p>Az online bankk\u00e1rty\u00e1s fizet\u00e9sek a Barion rendszer\u00e9n kereszt\u00fcl val\u00f3sulnak meg. A bankk\u00e1rtya adatok a keresked\u0151h\u00f6z nem jutnak el. A szolg\u00e1ltat\u00e1st ny\u00fajt\u00f3 Barion Payment Zrt. a Magyar Nemzeti Bank fel\u00fcgyelete alatt \u00e1ll\u00f3 int\u00e9zm\u00e9ny, enged\u00e9ly\u00e9nek sz\u00e1ma: H-EN-I-1064\/2013.<br \/><span style=\"color: var(--body_typography-color); font-family: var(--body_typography-font-family); font-size: var(--body_typography-font-size); font-style: var(--body_typography-font-style,normal); font-weight: var(--body_typography-font-weight); letter-spacing: var(--body_typography-letter-spacing);\">Az elfogad\u00f3hely adatai:<br \/><\/span><span style=\"color: var(--body_typography-color); font-family: var(--body_typography-font-family); font-size: var(--body_typography-font-size); font-style: var(--body_typography-font-style,normal); font-weight: var(--body_typography-font-weight); letter-spacing: var(--body_typography-letter-spacing);\">Elfogad\u00f3hely neve: Govinda-klub webshop<br \/><\/span><span style=\"color: var(--body_typography-color); font-family: var(--body_typography-font-family); font-size: var(--body_typography-font-size); font-style: var(--body_typography-font-style,normal); font-weight: var(--body_typography-font-weight); letter-spacing: var(--body_typography-letter-spacing);\">Publikus azonos\u00edt\u00f3 (POSGuid): 877f6248-b118-472d-8c93-6c24c5917c4d<\/span><\/p>\n<h2 data-fontsize=\"36\" data-lineheight=\"46.08px\" class=\"fusion-responsive-typography-calculated\" style=\"--fontSize:36; line-height: 1.28;\">Sz\u00e1ll\u00edt\u00e1s<\/h2>\n<p>A k\u00fcldem\u00e9nyek k\u00e9zbes\u00edt\u00e9se, sz\u00e1ll\u00edt\u00e1sa fut\u00e1rszolg\u00e1lattal t\u00f6rt\u00e9nik. A term\u00e9k sz\u00e1ll\u00edt\u00e1si idej\u00e9t a web\u00e1ruh\u00e1z ismerteti a p\u00e9nzt\u00e1r folyamat sor\u00e1n, valamint a visszaigazol\u00f3 e-mail is tartalmazza. A sz\u00e1ll\u00edt\u00e1s id\u0151pontj\u00e1r\u00f3l lehet\u0151s\u00e9ge van egyeztetni a visszaigazol\u00f3 e-mailben tal\u00e1lhat\u00f3 telefonsz\u00e1mon.<\/p>\n<p><strong>Sz\u00e1ll\u00edt\u00e1si m\u00f3dok:<\/strong> Fut\u00e1rszolg\u00e1lat, szem\u00e9lyes \u00e1tv\u00e9tel  <strong>Kisz\u00e1ll\u00edt\u00e1si id\u0151:<\/strong> rendel\u00e9st\u0151l sz\u00e1m\u00edtott 2-7 munka nap  <strong>Sz\u00e1ll\u00edt\u00e1si d\u00edjak:<\/strong>  Magyarorsz\u00e1gon 1.700 Ft.<\/p>\n<p><strong>K\u00fclf\u00f6ldi kisz\u00e1ll\u00edt\u00e1s:<\/strong> K\u00e9rj\u00fck rendel\u00e9s el\u0151tt emailben \u00edrja meg a megrendelni k\u00edv\u00e1nt \u00e1ruk list\u00e1j\u00e1t \u00e9s a pontos c\u00edmet, ami alapj\u00e1n tudunk \u00e1raj\u00e1nlatot k\u00fcldeni megrendel\u00e9s\u00e9re.<\/p>\n<p><strong>Ut\u00e1nv\u00e9tel d\u00edja:<\/strong>  400 Ft, mely a sz\u00e1ll\u00edt\u00e1si d\u00edjhoz ad\u00f3dik hozz\u00e1.<\/p>\n<\/p>\n<p>A Vev\u0151 felel\u0151ss\u00e9ge gondoskodni arr\u00f3l, hogy az e-mailben vagy telefonon k\u00f6z\u00f6lt id\u0151szakban a csomag \u00e1tv\u00e9tel\u00e9t biztos\u00edtsa. Ennek elmulaszt\u00e1s\u00e1b\u00f3l sz\u00e1rmaz\u00f3 k\u00e1r\u00e9rt az Elad\u00f3 nem v\u00e1llal felel\u0151ss\u00e9get. Amennyiben a kisz\u00e1ll\u00edt\u00e1s sor\u00e1n a k\u00fcldem\u00e9ny k\u00e9zbes\u00edt\u00e9se, a Vev\u0151 hib\u00e1j\u00e1b\u00f3l ad\u00f3d\u00f3an sikertelen, ennek t\u00e9ny\u00e9r\u0151l a Sz\u00e1ll\u00edt\u00f3 \u00e9rtes\u00edt\u00e9st hagy, majd m\u00e9g egy alkalommal ism\u00e9t megk\u00eds\u00e9rli a k\u00fcldem\u00e9ny k\u00e9zbes\u00edt\u00e9s\u00e9t. Ha az adott id\u0151pont Vev\u0151nek nem felel meg, ezt a Vev\u0151szolg\u00e1latnak k\u00f6teles jelezni \u00e9s egy \u00faj sz\u00e1ll\u00edt\u00e1si id\u0151pontban megegyezni. Amennyiben ez a k\u00eds\u00e9rlet is sikertelen \u00fajabb sz\u00e1ll\u00edt\u00e1sra csak a Vev\u0151 \u00e1ltal k\u00e9rt \u00faj id\u0151pontban, s a megism\u00e9telt sz\u00e1ll\u00edt\u00e1si d\u00edj\u00e1nak \u00fajb\u00f3li megfizet\u00e9se mellett ker\u00fclhet sor. A sz\u00e1ll\u00edt\u00e1si k\u00f6lts\u00e9g minden esetben a Vev\u0151t terheli, kiv\u00e9tel a d\u00edjtalan sz\u00e1ll\u00edt\u00e1si k\u00f6lts\u00e9ggel megjelen\u00edtett term\u00e9kek.<\/p>\n<h2 data-fontsize=\"36\" data-lineheight=\"46.08px\" class=\"fusion-responsive-typography-calculated\" style=\"--fontSize:36; line-height: 1.28;\">A sz\u00e1ll\u00edt\u00e1st\u00f3l el\u00e1ll\u00e1s<\/h2>\n<p>Ha a web\u00e1ruh\u00e1z a szerz\u0151d\u00e9sben v\u00e1llalt k\u00f6telezetts\u00e9g\u00e9t az\u00e9rt nem teljes\u00edti, mert a szerz\u0151d\u00e9sben meghat\u00e1rozott \u00e1ru nem \u00e1ll rendelkez\u00e9s\u00e9re, illetve a megrendelt szolg\u00e1ltat\u00e1st nem \u00e1ll m\u00f3dj\u00e1ban ny\u00fajtani, k\u00f6teles err\u0151l a megrendel\u0151t t\u00e1j\u00e9koztatni. A web\u00e1ruh\u00e1z nem k\u00f6t szerz\u0151d\u00e9st kiskor\u00faakkal. A megrendel\u0151 a kereskedelmi felt\u00e9telek elfogad\u00e1s\u00e1val nyilatkozik arr\u00f3l, hogy nagykor\u00fa.<\/p>\n<h2 data-fontsize=\"36\" data-lineheight=\"46.08px\" class=\"fusion-responsive-typography-calculated\" style=\"--fontSize:36; line-height: 1.28;\">A term\u00e9k visszak\u00fcld\u00e9se<\/h2>\n<p>A term\u00e9ket csak eredeti \u00e1llapot\u00e1ban \u00e9s csomagol\u00e1s\u00e1ban, hi\u00e1nytalan mennyis\u00e9gi, min\u0151s\u00e9gi \u00e1llapot\u00e1ban vessz\u00fck vissza a rendel\u00e9st\u0151l sz\u00e1m\u00edtott 14 munkanapon bel\u00fcl. A term\u00e9kek visszak\u00fcld\u00e9s\u00e9nek k\u00f6lts\u00e9ge a hat\u00e1lyos jogszab\u00e1lyok alapj\u00e1n a megrendel\u0151t terhelik.<\/p>\n<h2 data-fontsize=\"36\" data-lineheight=\"46.08px\" class=\"fusion-responsive-typography-calculated\" style=\"--fontSize:36; line-height: 1.28;\">Szerz\u0151d\u00e9sk\u00f6t\u00e9s felt\u00e9teleire vonatkoz\u00f3 t\u00e1j\u00e9koztat\u00e1s<\/h2>\n<p>A szerz\u0151d\u00e9sk\u00f6t\u00e9s nyelve magyar, a megk\u00f6t\u00f6tt szerz\u0151d\u00e9s \u00edr\u00e1sban megk\u00f6t\u00f6ttnek min\u0151s\u00fcl annak. A megk\u00f6t\u00f6tt szerz\u0151d\u00e9st nem iktatj\u00e1k, ut\u00f3lag hozz\u00e1f\u00e9rhet\u0151 nem lesz hozz\u00e1f\u00e9rhet\u0151.<\/p>\n<h2 data-fontsize=\"36\" data-lineheight=\"46.08px\" class=\"fusion-responsive-typography-calculated\" style=\"--fontSize:36; line-height: 1.28;\">El\u00e1ll\u00e1si jog \/ Visszaszolg\u00e1ltat\u00e1si garancia<\/h2>\n<p>A megrendel\u0151 a szerz\u0151d\u00e9st\u0151l tizenn\u00e9gy munkanapon bel\u00fcl indokol\u00e1s n\u00e9lk\u00fcl el\u00e1llhat. A megrendel\u0151 az el\u00e1ll\u00e1s jog\u00e1t att\u00f3l a napt\u00f3l kezdve gyakorolhatja, amikor az \u00e1rut \u00e1tvette. Az \u00e9rt\u00e9kes\u00edt\u0151 k\u00f6teles a megrendel\u0151 \u00e1ltal kifizetett \u00f6sszeget halad\u00e9ktalanul, de legk\u00e9s\u0151bb az el\u00e1ll\u00e1st k\u00f6vet\u0151 harminc napon bel\u00fcl visszat\u00e9r\u00edteni.<\/p>\n<p>A megrendel\u0151 viseli az el\u00e1ll\u00e1si jog gyakorl\u00e1sa miatt az \u00e1ru visszaszolg\u00e1ltat\u00e1s\u00e1val kapcsolatban felmer\u00fcl\u0151 k\u00f6lts\u00e9geket. A megrendel\u0151t ezenfel\u00fcl egy\u00e9b k\u00f6lts\u00e9g nem terheli. Az \u00e9rt\u00e9kes\u00edt\u0151 azonban k\u00f6vetelheti az \u00e1ru nem rendeltet\u00e9sszer\u0171 haszn\u00e1lat\u00e1b\u00f3l ered\u0151 k\u00e1r\u00e1nak megt\u00e9r\u00edt\u00e9s\u00e9t. Ha az el\u00e1ll\u00e1si jog alapj\u00e1n visszasz\u00e1ll\u00edtott \u00e1ru nincs kifog\u00e1stalan, \u00fajra eladhat\u00f3 \u00e1llapotban, akkor a megrendel\u0151 k\u00e1rt\u00e9r\u00edt\u00e9sre k\u00f6telezett, amennyiben az \u00e1ru \u00e1llapot\u00e1nak roml\u00e1s\u00e1t, t\u00f6nkremen\u00e9s\u00e9t, vagy visszaad\u00e1s\u00e1nak m\u00e1smilyen ellehetetlen\u00fcl\u00e9s\u00e9t sz\u00e1nd\u00e9kosan vagy hanyags\u00e1gb\u00f3l id\u00e9zte el\u0151. Amennyiben a term\u00e9kr\u0151l felbont\u00e1s sor\u00e1n a k\u00e9zbes\u00edt\u00e9st v\u00e9gz\u0151 szem\u00e9ly (postai k\u00e9zbes\u00edt\u0151, fut\u00e1r) jelenl\u00e9t\u00e9ben der\u00fcl ki, hogy bizony\u00edtottan s\u00e9r\u00fclt, \u00e9s a s\u00e9r\u00fcl\u00e9s az \u00e1ru \u00e1tv\u00e9tel\u00e9t megel\u0151z\u0151en keletkezett, a term\u00e9k visszav\u00e9tel\u00e9t, az \u00e9rt\u00e9kes\u00edt\u00e9s t\u00f6rl\u00e9s\u00e9t azonnal biztos\u00edtjuk. B\u00e1rmilyen nem\u0171 s\u00e9r\u00fcl\u00e9st, tartalomhi\u00e1nyt a k\u00fcldem\u00e9ny k\u00e9zbes\u00edt\u00e9se sor\u00e1n az \u00e1tad\u00f3-\u00e1tvev\u0151 k\u00f6z\u00f6tti t\u00e9ny\u00e1ll\u00e1si jegyz\u0151k\u00f6nyvnek kell tartalmaznia! Ut\u00f3lagos tartalomhi\u00e1ny\u00e9rt, esetleg s\u00e9r\u00fcl\u00e9s\u00e9rt felel\u0151ss\u00e9get v\u00e1llalni nem tudunk! Az el\u00e1ll\u00e1si jog gyakorl\u00e1s\u00e1ra vonatkoz\u00f3 17\/1999. Korm\u00e1nyrendelet sz\u00f6veg\u00e9t let\u00f6ltheti a Nemzeti Fogyaszt\u00f3v\u00e9delmi Hat\u00f3s\u00e1g honlapj\u00e1r\u00f3l.<\/p>\n<\/p>\n<h2 data-fontsize=\"36\" data-lineheight=\"46.08px\" class=\"fusion-responsive-typography-calculated\" style=\"--fontSize:36; line-height: 1.28;\">Tulajdonjogi kik\u00f6t\u00e9s<\/h2>\n<p>A lesz\u00e1ll\u00edtott \u00e1ru a v\u00e9tel\u00e1r teljes kifizet\u00e9s\u00e9ig a sz\u00e1ll\u00edt\u00f3 tulajdon\u00e1ban marad. A t\u00e9ves, nem elfogadott rendel\u00e9sek sor\u00e1n a term\u00e9ket az \u201e\u00faj\u201d tulajdonos nev\u00e9n k\u00e9szletbe v\u00e9telezz\u00fck, \u00e9s az \u00fajabb, sikeres \u00e9rt\u00e9kes\u00edt\u00e9st k\u00f6vet\u0151en az \u00faj tulajdonos\u00e1nak ker\u00fcl kifizet\u00e9sre az ellen\u00e9rt\u00e9k!<\/p>\n<h2 data-fontsize=\"36\" data-lineheight=\"46.08px\" class=\"fusion-responsive-typography-calculated\" style=\"--fontSize:36; line-height: 1.28;\">Megrendel\u00e9s m\u00f3dos\u00edt\u00e1sa, t\u00f6rl\u00e9se<\/h2>\n<p>A 2001. \u00e9vi CVIII. t\u00f6rv\u00e9ny \u00e9rtelm\u00e9ben a megrendel\u00e9s lead\u00e1sakor a v\u00e1s\u00e1rl\u00f3 fel\u00e9 azonnal \u00e9rtes\u00edt\u00e9st k\u00fcld az elad\u00f3 web\u00e1ruh\u00e1z szoftvere a rendel\u00e9s felv\u00e9tel\u00e9nek t\u00e9ny\u00e9r\u0151l. Ez az \u00e9rtes\u00edt\u00e9s nem min\u0151s\u00fcl az elad\u00f3 \u00e9s a v\u00e1s\u00e1rl\u00f3 k\u00f6z\u00f6tt l\u00e9trej\u00f6tt szerz\u0151d\u00e9snek! Csup\u00e1n jelzi a v\u00e1s\u00e1rl\u00f3nak, hogy rendel\u00e9si ig\u00e9ny\u00e9t rendszer\u00fcnk regisztr\u00e1lta \u00e9s tov\u00e1bb\u00edtotta az elad\u00f3 illet\u00e9kes munkat\u00e1rsa fel\u00e9.<\/p>\n<p>Amennyiben a v\u00e1s\u00e1rl\u00f3hoz ez 48 \u00f3r\u00e1n bel\u00fcl nem \u00e9rkezik meg, akkor a v\u00e1s\u00e1rl\u00f3 aj\u00e1nlatt\u00e9teli k\u00f6t\u00f6tts\u00e9gei megsz\u0171nnek.<\/p>\n<p>Az elad\u00f3 a rendel\u00e9s teljes\u00edt\u00e9s\u00e9nek megkezd\u00e9s\u00e9ig megadja a lehet\u0151s\u00e9get a v\u00e1s\u00e1rl\u00f3nak rendel\u00e9se visszavon\u00e1s\u00e1ra elektronikus \u00faton. A rendel\u00e9s teljes\u00edt\u00e9s\u00e9nek megkezd\u00e9sekor a v\u00e1s\u00e1rl\u00f3 e-mailben \u00e9s\/vagy telefonon \u00e9rtes\u00edt\u00e9st kap a teljes\u00edt\u00e9s v\u00e1rhat\u00f3 id\u0151tartam\u00e1r\u00f3l, \u00e9s a teljes\u00edt\u00e9s megkezd\u00e9s\u00e9nek t\u00e9ny\u00e9r\u0151l, ezut\u00e1n m\u00e1r csak szem\u00e9lyesen vagy a \u201cVev\u0151szolg\u00e1lat\u201d vagy \u201cEl\u00e9rhet\u0151s\u00e9gek\u201d men\u00fcpontok alatt tal\u00e1lhat\u00f3 el\u00e9rhet\u0151s\u00e9gek valamelyik\u00e9n kereszt\u00fcl van lehet\u0151s\u00e9g rendel\u00e9s\u00e9nek visszavon\u00e1s\u00e1ra<\/p>\n<p>A megrendel\u00e9s ut\u00f3lagos m\u00f3dos\u00edt\u00e1s\u00e1ra csak \u00edr\u00e1sos form\u00e1ban, e-mailben ker\u00fclhet sor. El\u00e9rhet\u0151s\u00e9geinket megtal\u00e1lja ezen a honlapon.<\/p>\n<h2 data-fontsize=\"36\" data-lineheight=\"46.08px\" class=\"fusion-responsive-typography-calculated\" style=\"--fontSize:36; line-height: 1.28;\">Egy\u00fcttm\u0171k\u00f6d\u00e9si k\u00f6telezetts\u00e9g<\/h2>\n<p>Fenn\u00e1ll\u00f3 vit\u00e1k rendez\u00e9s\u00e9hez mint a Vev\u0151 mint az Elad\u00f3 az Uni\u00f3s B\u00e9k\u00e9ltet\u0151 test\u00fclettel k\u00f6teles egy\u00fcttm\u0171k\u00f6dni. Online vitarendez\u00e9sI lehet\u0151s\u00e9g: www.ec.europa.eu\/odr.<\/p><\/p>\n<\/div><div class=\"fusion-clearfix\"><\/div><\/div><\/div><\/div><\/div>\n","protected":false},"excerpt":{"rendered":"","protected":false},"author":1,"featured_media":0,"parent":0,"menu_order":0,"comment_status":"closed","ping_status":"closed","template":"","meta":{"footnotes":""},"jetpack_sharing_enabled":true,"_links":{"self":[{"href":"https:\/\/govindaklub.hu\/new_govinda\/wp-json\/wp\/v2\/pages\/2442"}],"collection":[{"href":"https:\/\/govindaklub.hu\/new_govinda\/wp-json\/wp\/v2\/pages"}],"about":[{"href":"https:\/\/govindaklub.hu\/new_govinda\/wp-json\/wp\/v2\/types\/page"}],"author":[{"embeddable":true,"href":"https:\/\/govindaklub.hu\/new_govinda\/wp-json\/wp\/v2\/users\/1"}],"replies":[{"embeddable":true,"href":"https:\/\/govindaklub.hu\/new_govinda\/wp-json\/wp\/v2\/comments?post=2442"}],"version-history":[{"count":7,"href":"https:\/\/govindaklub.hu\/new_govinda\/wp-json\/wp\/v2\/pages\/2442\/revisions"}],"predecessor-version":[{"id":2539,"href":"https:\/\/govindaklub.hu\/new_govinda\/wp-json\/wp\/v2\/pages\/2442\/revisions\/2539"}],"wp:attachment":[{"href":"https:\/\/govindaklub.hu\/new_govinda\/wp-json\/wp\/v2\/media?parent=2442"}],"curies":[{"name":"wp","href":"https:\/\/api.w.org\/{rel}","templated":true}]}}