{"id":525,"date":"2015-11-19T17:26:03","date_gmt":"2015-11-19T17:26:03","guid":{"rendered":"http:\/\/govindaklub.hu\/new_govinda\/?page_id=525"},"modified":"2023-02-08T12:13:24","modified_gmt":"2023-02-08T12:13:24","slug":"rolunk","status":"publish","type":"page","link":"https:\/\/govindaklub.hu\/new_govinda\/rolunk\/","title":{"rendered":"R\u00f3lunk"},"content":{"rendered":"<div class=\"fusion-fullwidth fullwidth-box fusion-builder-row-1 nonhundred-percent-fullwidth non-hundred-percent-height-scrolling fusion-equal-height-columns\" style=\"--awb-background-position:left top;--awb-border-sizes-top:0px;--awb-border-sizes-bottom:0px;--awb-border-sizes-left:0px;--awb-border-sizes-right:0px;--awb-border-radius-top-left:0px;--awb-border-radius-top-right:0px;--awb-border-radius-bottom-right:0px;--awb-border-radius-bottom-left:0px;--awb-padding-top:130px;--awb-padding-bottom:160px;--awb-background-color:#25292b;--awb-flex-wrap:wrap;\" ><div class=\"fusion-builder-row fusion-row\"><div class=\"fusion-layout-column fusion_builder_column fusion-builder-column-0 fusion_builder_column_1_1 1_1 fusion-one-full fusion-column-first fusion-column-last fusion-column-no-min-height\" style=\"--awb-padding-bottom:21%;--awb-bg-image:url(&#039;https:\/\/govindaklub.hu\/new_govinda\/wp-content\/uploads\/2020\/06\/received_389412728637515-800x344.jpeg&#039;);--awb-bg-position:center center;--awb-bg-blend:multiply;--awb-bg-size:cover;--awb-margin-top:3%;--awb-margin-bottom:3%;\"><div class=\"fusion-column-wrapper fusion-column-has-shadow fusion-flex-column-wrapper-legacy fusion-column-has-bg-image\" data-bg-url=\"https:\/\/govindaklub.hu\/new_govinda\/wp-content\/uploads\/2020\/06\/received_389412728637515-800x344.jpeg\"><div class=\"fusion-sep-clear\"><\/div><div class=\"fusion-separator fusion-full-width-sep\" style=\"margin-left: auto;margin-right: auto;margin-top:90px;width:100%;\"><\/div><div class=\"fusion-sep-clear\"><\/div><div class=\"fusion-clearfix\"><\/div><\/div><\/div><div class=\"fusion-layout-column fusion_builder_column fusion-builder-column-1 fusion_builder_column_1_2 1_2 fusion-one-half fusion-column-first\" style=\"--awb-padding-top:20px;--awb-padding-right:13px;--awb-padding-bottom:80px;--awb-padding-left:16px;--awb-bg-color:#1e2123;--awb-bg-color-hover:#1e2123;--awb-bg-position:right bottom;--awb-bg-size:cover;--awb-margin-bottom:0px;\"><div class=\"fusion-column-wrapper fusion-column-has-shadow fusion-flex-column-wrapper-legacy\"><div class=\"fusion-text fusion-text-1\"><h2 class=\"fusion-responsive-typography-calculated\" style=\"text-align: center; --fontsize: 36; line-height: 1.28;\" data-fontsize=\"36\" data-lineheight=\"46.08px\"><span style=\"color: #ee6059;\">MI IS AZ A GOVINDA KLUB?<\/span><\/h2>\n<\/div><div class=\"fusion-text fusion-text-2\"><\/div><div class=\"fusion-sep-clear\"><\/div><div class=\"fusion-separator fusion-full-width-sep\" style=\"margin-left: auto;margin-right: auto;margin-top:5px;margin-bottom:5px;width:100%;\"><\/div><div class=\"fusion-sep-clear\"><\/div><div class=\"fusion-text fusion-text-3\"><p style=\"text-align: left;\"><em>Egy alternat\u00edv, soksz\u00edn\u0171 k\u00f6z\u00f6ss\u00e9g, egy egyed\u00fcl\u00e1ll\u00f3 filoz\u00f3fiai szellemi m\u0171hely \u2013 fizikai \u00e9s online s\u00edkon. Egy olyan hely, ahol heti k\u00e9t alkalommal \u2013 szerd\u00e1n \u00e9s p\u00e9nteken este 6 \u00f3r\u00e1t\u00f3l \u2013 \u00f6sszegy\u0171lik egy tud\u00e1sra v\u00e1gy\u00f3, nyitott szellemis\u00e9g\u0171 t\u00e1rsas\u00e1g, akik nem el\u00e9gszenek meg a materialista \u00e9letfelfog\u00e1ssal, ink\u00e1bb lelki tartalmat keresnek a l\u00e9tez\u00e9sben. Ahol mindenki felteheti a k\u00e9rd\u00e9seit, megoszthatja a tapasztalatait, bar\u00e1tokra, \u00e9rdekes emberekre lelhet, \u00e9s ha kell\u0151k\u00e9ppen b\u00e1tor, akkor \u00e9letre sz\u00f3l\u00f3 \u00e9lm\u00e9nyekkel kecsegtet\u0151 kalandokban, \u00f6nismereti felfedez\u0151 utaz\u00e1sokban is r\u00e9szt vehet.<\/em><\/p>\n<\/div><div class=\"fusion-sep-clear\"><\/div><div class=\"fusion-separator fusion-full-width-sep\" style=\"margin-left: auto;margin-right: auto;margin-top:-15px;width:100%;\"><\/div><div class=\"fusion-sep-clear\"><\/div><div class=\"fusion-clearfix\"><\/div><\/div><\/div><div class=\"fusion-layout-column fusion_builder_column fusion-builder-column-2 fusion_builder_column_1_2 1_2 fusion-one-half fusion-column-last fusion-no-small-visibility\" style=\"--awb-bg-image:url(&#039;https:\/\/govindaklub.hu\/new_govinda\/wp-content\/uploads\/2020\/06\/govi1-800x600.jpg&#039;);--awb-bg-position:center top;--awb-bg-size:cover;--awb-margin-bottom:0px;\"><div class=\"fusion-column-wrapper fusion-column-has-shadow fusion-flex-column-wrapper-legacy fusion-empty-column-bg-image fusion-column-has-bg-image\" data-bg-url=\"https:\/\/govindaklub.hu\/new_govinda\/wp-content\/uploads\/2020\/06\/govi1-800x600.jpg\"><img decoding=\"async\" class=\"fusion-empty-dims-img-placeholder fusion-no-large-visibility\" src=\"data:image\/gif;base64,R0lGODlhAQABAAAAACH5BAEKAAEALAAAAAABAAEAAAICTAEAOw==\"><div class=\"fusion-clearfix\"><\/div><\/div><\/div><div class=\"fusion-layout-column fusion_builder_column fusion-builder-column-3 fusion_builder_column_1_1 1_1 fusion-one-full fusion-column-first fusion-column-last fusion-column-no-min-height\" style=\"--awb-bg-size:cover;--awb-margin-bottom:0px;\"><div class=\"fusion-column-wrapper fusion-flex-column-wrapper-legacy\"><div class=\"fusion-sep-clear\"><\/div><div class=\"fusion-separator fusion-full-width-sep\" style=\"margin-left: auto;margin-right: auto;margin-top:20px;margin-bottom:20px;width:100%;\"><div class=\"fusion-separator-border sep-double\" style=\"--awb-height:20px;--awb-amount:20px;--awb-sep-color:#25292b;border-color:#25292b;border-top-width:1px;border-bottom-width:1px;\"><\/div><\/div><div class=\"fusion-sep-clear\"><\/div><div class=\"fusion-clearfix\"><\/div><\/div><\/div><div class=\"fusion-layout-column fusion_builder_column fusion-builder-column-4 fusion_builder_column_1_2 1_2 fusion-one-half fusion-column-first\" style=\"--awb-bg-image:url(&#039;https:\/\/govindaklub.hu\/new_govinda\/wp-content\/uploads\/2020\/06\/govi2-800x1067.jpg&#039;);--awb-bg-position:center top;--awb-bg-size:cover;--awb-margin-bottom:0px;\"><div class=\"fusion-column-wrapper fusion-column-has-shadow fusion-flex-column-wrapper-legacy fusion-empty-column-bg-image fusion-column-has-bg-image\" data-bg-url=\"https:\/\/govindaklub.hu\/new_govinda\/wp-content\/uploads\/2020\/06\/govi2-800x1067.jpg\"><img decoding=\"async\" class=\"fusion-empty-dims-img-placeholder fusion-no-large-visibility\" src=\"data:image\/svg+xml,%3Csvg%20xmlns%3D%27http%3A%2F%2Fwww.w3.org%2F2000%2Fsvg%27%20width%3D%27800%27%20height%3D%271067%27%20viewBox%3D%270%200%20800%201067%27%3E%3Crect%20width%3D%27800%27%20height%3D%271067%27%20fill-opacity%3D%220%22%2F%3E%3C%2Fsvg%3E\"><div class=\"fusion-clearfix\"><\/div><\/div><\/div><div class=\"fusion-layout-column fusion_builder_column fusion-builder-column-5 fusion_builder_column_1_2 1_2 fusion-one-half fusion-column-last\" style=\"--awb-padding-top:20px;--awb-padding-right:23px;--awb-padding-bottom:80px;--awb-padding-left:18px;--awb-bg-color:#1e2123;--awb-bg-color-hover:#1e2123;--awb-bg-position:right bottom;--awb-bg-size:cover;--awb-margin-bottom:0px;\"><div class=\"fusion-column-wrapper fusion-column-has-shadow fusion-flex-column-wrapper-legacy\"><div class=\"fusion-text fusion-text-4\"><h2 style=\"text-align: center;\"><span style=\"color: #ee6059;\">&#8211; A klub &#8211;<\/span><\/h2>\n<\/div><div class=\"fusion-sep-clear\"><\/div><div class=\"fusion-separator fusion-full-width-sep\" style=\"margin-left: auto;margin-right: auto;margin-top:5px;margin-bottom:5px;width:100%;\"><\/div><div class=\"fusion-sep-clear\"><\/div><div class=\"fusion-text fusion-text-5\"><p style=\"text-align: center;\"><span style=\"color: var(--body_typography-color); font-family: var(--body_typography-font-family); font-size: var(--body_typography-font-size); font-style: var(--body_typography-font-style,normal); font-weight: var(--body_typography-font-weight); letter-spacing: var(--body_typography-letter-spacing);\">Szerd\u00e1nk\u00e9nt 18 \u00f3r\u00e1t\u00f3l v\u00e1runk szem\u00e9lyesen a Govinda Klubban k\u00fcl\u00f6nleges el\u0151ad\u00e1sokkal.<\/span><\/p>\n<p>Ha szeretsz hallani \u00e9s tenni az \u00f6nismeret\u00e9rt akkor szerd\u00e1n a Govinda klubban a helyed. K\u00f6z\u00f6s medit\u00e1ci\u00f3val kezdj\u00fck az est\u00e9t, hogy a tudatunk r\u00e1hangoljuk a befogad\u00e1sra. Ezek ut\u00e1n egy \u00f3r\u00e1ig tart\u00f3 el\u0151ad\u00e1s k\u00f6vetkezik, ahol halhatsz az \u00f6nismeretr\u0151l, reinkarn\u00e1ci\u00f3r\u00f3l \u00e9s sok minden m\u00e1sr\u00f3l is. Az el\u0151ad\u00e1sok hetente v\u00e1ltoznak. Minden h\u00e9ten m\u00e1s t\u00e9m\u00e1val k\u00e9sz\u00fcl\u00fcnk. Az el\u0151ad\u00e1s ut\u00e1n egy r\u00f6vid mantra medit\u00e1ci\u00f3 k\u00f6vetkezik \u00e9s az est\u00e9t pedig aj\u00e1nd\u00e9k s\u00fctem\u00e9nnyel \u00e9s te\u00e1z\u00e1ssal z\u00e1rjuk.<\/p>\n<p style=\"text-align: center;\"><strong>C\u00edm:  1088 Budapest Szentkir\u00e1lyi utca 34. Fsz.2,<\/strong><\/p>\n<p>K\u00e9rd\u00e9sekkel fordulj hozz\u00e1nk b\u00e1tran.<\/p>\n<p>E-mail: hello@govindaklub.hu<\/p>\n<p>Tel.: +36-30-220-7136<\/p>\n<\/div><div class=\"fusion-sep-clear\"><\/div><div class=\"fusion-separator fusion-full-width-sep\" style=\"margin-left: auto;margin-right: auto;margin-top:-15px;width:100%;\"><\/div><div class=\"fusion-sep-clear\"><\/div><div class=\"fusion-clearfix\"><\/div><\/div><\/div><div class=\"fusion-layout-column fusion_builder_column fusion-builder-column-6 fusion_builder_column_1_1 1_1 fusion-one-full fusion-column-first fusion-column-last fusion-column-no-min-height\" style=\"--awb-bg-size:cover;--awb-margin-bottom:0px;\"><div class=\"fusion-column-wrapper fusion-flex-column-wrapper-legacy\"><div class=\"fusion-sep-clear\"><\/div><div class=\"fusion-separator fusion-full-width-sep\" style=\"margin-left: auto;margin-right: auto;margin-top:90px;width:100%;\"><\/div><div class=\"fusion-sep-clear\"><\/div><iframe src=\"https:\/\/www.google.com\/maps\/embed?pb=!1m18!1m12!1m3!1d336.99586864466437!2d19.066158792660147!3d47.490557221881105!2m3!1f0!2f0!3f0!3m2!1i1024!2i768!4f13.1!3m3!1m2!1s0x4741dc5bede572d1%3A0xe6a39e66d158797!2sBudapest%2C%20Szentkir%C3%A1lyi%20u.%2034%2C%201088!5e0!3m2!1shu!2shu!4v1651213796907!5m2!1shu!2shu\" width=\"100%\" height=\"450\" style=\"border:0;\" allowfullscreen=\"\" loading=\"lazy\" referrerpolicy=\"no-referrer-when-downgrade\"><\/iframe>\n<div class=\"fusion-clearfix\"><\/div><\/div><\/div><\/div><\/div>\n","protected":false},"excerpt":{"rendered":"","protected":false},"author":1,"featured_media":0,"parent":0,"menu_order":0,"comment_status":"closed","ping_status":"closed","template":"100-width.php","meta":{"footnotes":""},"jetpack_sharing_enabled":true,"_links":{"self":[{"href":"https:\/\/govindaklub.hu\/new_govinda\/wp-json\/wp\/v2\/pages\/525"}],"collection":[{"href":"https:\/\/govindaklub.hu\/new_govinda\/wp-json\/wp\/v2\/pages"}],"about":[{"href":"https:\/\/govindaklub.hu\/new_govinda\/wp-json\/wp\/v2\/types\/page"}],"author":[{"embeddable":true,"href":"https:\/\/govindaklub.hu\/new_govinda\/wp-json\/wp\/v2\/users\/1"}],"replies":[{"embeddable":true,"href":"https:\/\/govindaklub.hu\/new_govinda\/wp-json\/wp\/v2\/comments?post=525"}],"version-history":[{"count":58,"href":"https:\/\/govindaklub.hu\/new_govinda\/wp-json\/wp\/v2\/pages\/525\/revisions"}],"predecessor-version":[{"id":3414,"href":"https:\/\/govindaklub.hu\/new_govinda\/wp-json\/wp\/v2\/pages\/525\/revisions\/3414"}],"wp:attachment":[{"href":"https:\/\/govindaklub.hu\/new_govinda\/wp-json\/wp\/v2\/media?parent=525"}],"curies":[{"name":"wp","href":"https:\/\/api.w.org\/{rel}","templated":true}]}}