{"id":1900,"date":"2020-05-27T13:10:00","date_gmt":"2020-05-27T13:10:00","guid":{"rendered":"https:\/\/govindaklub.hu\/new_govinda\/?post_type=product&#038;p=1900"},"modified":"2024-09-15T05:32:56","modified_gmt":"2024-09-15T05:32:56","slug":"a-bhagavad-gita-ugy-ahogy-van","status":"publish","type":"product","link":"https:\/\/govindaklub.hu\/new_govinda\/termek\/a-bhagavad-gita-ugy-ahogy-van\/","title":{"rendered":"A Bhagavad-g\u00edta \u00fagy, ahogy van (DL)"},"content":{"rendered":"<p>Noha a Bhagavad-gita sz\u00e1mtalan kiad\u00e1st meg\u00e9rt m\u00e1r, \u00e9s rendk\u00edv\u00fcl sz\u00e9les k\u00f6rben olvass\u00e1k \u00f6n\u00e1ll\u00f3 k\u00f6nyvk\u00e9nt, eredetileg a Mahabharata, az \u0151si szanszkrit t\u00f6rt\u00e9nelmi eposz egyik fejezete.<\/p>\n","protected":false},"excerpt":{"rendered":"<p>Noha a Bhagavad-gita sz\u00e1mtalan kiad\u00e1st meg\u00e9rt m\u00e1r, \u00e9s rendk\u00edv\u00fcl sz\u00e9les k\u00f6rben olvass\u00e1k \u00f6n\u00e1ll\u00f3 k\u00f6nyvk\u00e9nt, eredetileg a Mahabharata, az \u0151si szanszkrit t\u00f6rt\u00e9nelmi eposz egyik fejezete.<\/p>\n","protected":false},"featured_media":2498,"comment_status":"open","ping_status":"closed","template":"","meta":[],"product_cat":[181],"product_tag":[],"jetpack_sharing_enabled":true,"_links":{"self":[{"href":"https:\/\/govindaklub.hu\/new_govinda\/wp-json\/wp\/v2\/product\/1900"}],"collection":[{"href":"https:\/\/govindaklub.hu\/new_govinda\/wp-json\/wp\/v2\/product"}],"about":[{"href":"https:\/\/govindaklub.hu\/new_govinda\/wp-json\/wp\/v2\/types\/product"}],"replies":[{"embeddable":true,"href":"https:\/\/govindaklub.hu\/new_govinda\/wp-json\/wp\/v2\/comments?post=1900"}],"wp:featuredmedia":[{"embeddable":true,"href":"https:\/\/govindaklub.hu\/new_govinda\/wp-json\/wp\/v2\/media\/2498"}],"wp:attachment":[{"href":"https:\/\/govindaklub.hu\/new_govinda\/wp-json\/wp\/v2\/media?parent=1900"}],"wp:term":[{"taxonomy":"product_cat","embeddable":true,"href":"https:\/\/govindaklub.hu\/new_govinda\/wp-json\/wp\/v2\/product_cat?post=1900"},{"taxonomy":"product_tag","embeddable":true,"href":"https:\/\/govindaklub.hu\/new_govinda\/wp-json\/wp\/v2\/product_tag?post=1900"}],"curies":[{"name":"wp","href":"https:\/\/api.w.org\/{rel}","templated":true}]}}