{"id":2493,"date":"2020-09-22T15:36:44","date_gmt":"2020-09-22T15:36:44","guid":{"rendered":"https:\/\/govindaklub.hu\/new_govinda\/?post_type=product&#038;p=2493"},"modified":"2024-10-27T09:58:05","modified_gmt":"2024-10-27T09:58:05","slug":"mahabharata","status":"publish","type":"product","link":"https:\/\/govindaklub.hu\/new_govinda\/termek\/mahabharata\/","title":{"rendered":"Mah\u00e1bh\u00e1rata"},"content":{"rendered":"<p>A Mah\u00e1bh\u00e1rata egy lebilincsel\u0151 indiai eposz, a Bhagavad-g\u00edt\u00e1 kerett\u00f6rt\u00e9nete, amely megt\u00f6rt\u00e9nt esem\u00e9nyeket \u00edr le. Olvas\u00e1sa k\u00f6zben azonban a t\u00f6rt\u00e9nelmi ismeretek mellett erk\u00f6lcsi \u00e9s teol\u00f3giai tud\u00e1sra is szert tehet\u00fcnk. Alapt\u00f6rt\u00e9nete egy gigantikus testv\u00e9rh\u00e1bor\u00fa, amely a j\u00f3 \u00e9s a rossz \u00f6sszecsap\u00e1sak\u00e9nt is \u00e9rtelmezhet\u0151. Az univerz\u00e1lis tan\u00edt\u00e1sokkal \u00e1tsz\u0151tt fordulatos cselekm\u00e9nyt telis-tele van szerelemmel, harcokkal, \u00e1rm\u00e1nnyal, konfliktusokkal \u00e9s megold\u00e1sokkal, \u00edgy garant\u00e1lja az izgalmakat, mik\u00f6zben a legl\u00e9nyegesebb filoz\u00f3fiai alapelveket mutatja be k\u00f6nnyen em\u00e9szthet\u0151 form\u00e1ban. \u00cdgy nem is v\u00e9letlen, hogy 5000 \u00e9ve folyamatosan olvass\u00e1k, nyomtatj\u00e1k \u00e9s tan\u00edtj\u00e1k. E m\u0171 b\u00e1tran mondhat\u00f3 India legismertebb \u00e9s legkedveltebb v\u00e9dikus \u00edr\u00e1s\u00e1nak. Maradand\u00f3 n\u00e9pszer\u0171s\u00e9ge m\u00e1r \u00f6nmag\u00e1ban arr\u00f3l tan\u00faskodik, hogy lapjai m\u00e9ly, \u00f6r\u00f6k \u00e9rv\u00e9ny\u0171 b\u00f6lcsess\u00e9get rejtenek.<\/p>\n","protected":false},"excerpt":{"rendered":"<p>A Mah\u00e1bh\u00e1rata egy lebilincsel\u0151 indiai eposz, a Bhagavad-g\u00edt\u00e1 kerett\u00f6rt\u00e9nete, amely megt\u00f6rt\u00e9nt esem\u00e9nyeket \u00edr le. Olvas\u00e1sa k\u00f6zben azonban a t\u00f6rt\u00e9nelmi ismeretek mellett erk\u00f6lcsi \u00e9s teol\u00f3giai tud\u00e1sra is szert tehet\u00fcnk. Alapt\u00f6rt\u00e9nete egy gigantikus testv\u00e9rh\u00e1bor\u00fa, amely a j\u00f3 \u00e9s a rossz \u00f6sszecsap\u00e1sak\u00e9nt is \u00e9rtelmezhet\u0151. Az univerz\u00e1lis tan\u00edt\u00e1sokkal \u00e1tsz\u0151tt fordulatos cselekm\u00e9nyt telis-tele van szerelemmel, harcokkal, \u00e1rm\u00e1nnyal, konfliktusokkal \u00e9s megold\u00e1sokkal, \u00edgy garant\u00e1lja az izgalmakat, mik\u00f6zben a legl\u00e9nyegesebb filoz\u00f3fiai alapelveket mutatja be k\u00f6nnyen em\u00e9szthet\u0151 form\u00e1ban. \u00cdgy nem is v\u00e9letlen, hogy 5000 \u00e9ve folyamatosan olvass\u00e1k, nyomtatj\u00e1k \u00e9s tan\u00edtj\u00e1k. E m\u0171 b\u00e1tran mondhat\u00f3 India legismertebb \u00e9s legkedveltebb v\u00e9dikus \u00edr\u00e1s\u00e1nak. Maradand\u00f3 n\u00e9pszer\u0171s\u00e9ge m\u00e1r \u00f6nmag\u00e1ban arr\u00f3l tan\u00faskodik, hogy lapjai m\u00e9ly, \u00f6r\u00f6k \u00e9rv\u00e9ny\u0171 b\u00f6lcsess\u00e9get rejtenek.<\/p>\n","protected":false},"featured_media":2495,"comment_status":"open","ping_status":"closed","template":"","meta":[],"product_cat":[181,182],"product_tag":[],"jetpack_sharing_enabled":true,"_links":{"self":[{"href":"https:\/\/govindaklub.hu\/new_govinda\/wp-json\/wp\/v2\/product\/2493"}],"collection":[{"href":"https:\/\/govindaklub.hu\/new_govinda\/wp-json\/wp\/v2\/product"}],"about":[{"href":"https:\/\/govindaklub.hu\/new_govinda\/wp-json\/wp\/v2\/types\/product"}],"replies":[{"embeddable":true,"href":"https:\/\/govindaklub.hu\/new_govinda\/wp-json\/wp\/v2\/comments?post=2493"}],"wp:featuredmedia":[{"embeddable":true,"href":"https:\/\/govindaklub.hu\/new_govinda\/wp-json\/wp\/v2\/media\/2495"}],"wp:attachment":[{"href":"https:\/\/govindaklub.hu\/new_govinda\/wp-json\/wp\/v2\/media?parent=2493"}],"wp:term":[{"taxonomy":"product_cat","embeddable":true,"href":"https:\/\/govindaklub.hu\/new_govinda\/wp-json\/wp\/v2\/product_cat?post=2493"},{"taxonomy":"product_tag","embeddable":true,"href":"https:\/\/govindaklub.hu\/new_govinda\/wp-json\/wp\/v2\/product_tag?post=2493"}],"curies":[{"name":"wp","href":"https:\/\/api.w.org\/{rel}","templated":true}]}}