{"id":2503,"date":"2020-09-24T12:24:36","date_gmt":"2020-09-24T12:24:36","guid":{"rendered":"https:\/\/govindaklub.hu\/new_govinda\/?post_type=product&#038;p=2503"},"modified":"2023-03-01T13:00:08","modified_gmt":"2023-03-01T13:00:08","slug":"veda-a-kelet-bolcsessege","status":"publish","type":"product","link":"https:\/\/govindaklub.hu\/new_govinda\/termek\/veda-a-kelet-bolcsessege\/","title":{"rendered":"V\u00e9da \u2013 A kelet b\u00f6lcsess\u00e9ge"},"content":{"rendered":"<p>A nyugati ember egyre ink\u00e1bb kelet fel\u00e9 fordul azok\u00e9rt a v\u00e1laszok\u00e9rt, amikkel harm\u00f3ni\u00e1ra \u00e9s kiegyens\u00falyozotts\u00e1gra tehet szert. A V\u00e9d\u00e1k, India t\u00f6bb mint 5000 \u00e9ves szent iratai az univerzum spiritu\u00e1lis b\u00f6lcsess\u00e9g\u00e9t tartalmazz\u00e1k. Ez a k\u00f6nyv egy k\u00f6nnyed feldolgoz\u00e1sa az \u0151si v\u00e9dikus filoz\u00f3fi\u00e1nak.<\/p>\n","protected":false},"excerpt":{"rendered":"<p>A nyugati ember egyre ink\u00e1bb kelet fel\u00e9 fordul azok\u00e9rt a v\u00e1laszok\u00e9rt, amikkel harm\u00f3ni\u00e1ra \u00e9s kiegyens\u00falyozotts\u00e1gra tehet szert. A V\u00e9d\u00e1k, India t\u00f6bb mint 5000 \u00e9ves szent iratai az univerzum spiritu\u00e1lis b\u00f6lcsess\u00e9g\u00e9t tartalmazz\u00e1k. Ez a k\u00f6nyv egy k\u00f6nnyed feldolgoz\u00e1sa az \u0151si v\u00e9dikus filoz\u00f3fi\u00e1nak.<\/p>\n","protected":false},"featured_media":2507,"comment_status":"open","ping_status":"closed","template":"","meta":[],"product_cat":[181,182],"product_tag":[],"jetpack_sharing_enabled":true,"_links":{"self":[{"href":"https:\/\/govindaklub.hu\/new_govinda\/wp-json\/wp\/v2\/product\/2503"}],"collection":[{"href":"https:\/\/govindaklub.hu\/new_govinda\/wp-json\/wp\/v2\/product"}],"about":[{"href":"https:\/\/govindaklub.hu\/new_govinda\/wp-json\/wp\/v2\/types\/product"}],"replies":[{"embeddable":true,"href":"https:\/\/govindaklub.hu\/new_govinda\/wp-json\/wp\/v2\/comments?post=2503"}],"wp:featuredmedia":[{"embeddable":true,"href":"https:\/\/govindaklub.hu\/new_govinda\/wp-json\/wp\/v2\/media\/2507"}],"wp:attachment":[{"href":"https:\/\/govindaklub.hu\/new_govinda\/wp-json\/wp\/v2\/media?parent=2503"}],"wp:term":[{"taxonomy":"product_cat","embeddable":true,"href":"https:\/\/govindaklub.hu\/new_govinda\/wp-json\/wp\/v2\/product_cat?post=2503"},{"taxonomy":"product_tag","embeddable":true,"href":"https:\/\/govindaklub.hu\/new_govinda\/wp-json\/wp\/v2\/product_tag?post=2503"}],"curies":[{"name":"wp","href":"https:\/\/api.w.org\/{rel}","templated":true}]}}