{"id":2682,"date":"2020-11-17T16:54:11","date_gmt":"2020-11-17T16:54:11","guid":{"rendered":"https:\/\/govindaklub.hu\/new_govinda\/?post_type=product&#038;p=2682"},"modified":"2025-01-04T11:46:47","modified_gmt":"2025-01-04T11:46:47","slug":"srimad-bhagavatam-szett","status":"publish","type":"product","link":"https:\/\/govindaklub.hu\/new_govinda\/termek\/srimad-bhagavatam-szett\/","title":{"rendered":"Sr\u00edmad-Bh\u00e1gavatam"},"content":{"rendered":"<blockquote>\n<div class=\"video-shortcode\"><iframe title=\"Meg\u00e9rkezett a k\u00f6nyvek Kir\u00e1lya \ud83d\udc51  - Sr\u00edmad Bh\u00e1gavatam (bevezet\u0151) | Triyuga Mes\u00e9l\" width=\"1170\" height=\"658\" src=\"https:\/\/www.youtube.com\/embed\/3GBlf9Rv7yg?feature=oembed\" frameborder=\"0\" allow=\"accelerometer; autoplay; clipboard-write; encrypted-media; gyroscope; picture-in-picture\" allowfullscreen><\/iframe><\/div>\n<hr \/>\n<p>A \u200bSr\u00edmad-Bh\u00e1gavatam, e filoz\u00f3fiai \u00e9s irodalmi szempontb\u00f3l is klasszikusnak sz\u00e1m\u00edt\u00f3 eposz kiemelked\u0151 helyet foglal el India \u00edrott b\u00f6lcselet\u00e9ben. India id\u0151tlen b\u00f6lcsess\u00e9g\u00e9t az emberi tud\u00e1s minden ter\u00fclet\u00e9t \u00e1tfog\u00f3 \u0151si szanszkrit sz\u00f6vegek, a V\u00e9d\u00e1k \u0151rzik. Eredetileg sz\u00e1jhagyom\u00e1ny \u00fatj\u00e1n maradtak fenn, s els\u0151 \u00edzben Sr\u00edla Vj\u00e1szad\u00e9va, \u201eIsten irodalmi inkarn\u00e1ci\u00f3ja&#8221; jegyezte le \u0151ket. \u00d6ssze\u00e1ll\u00edt\u00e1suk ut\u00e1n Sr\u00edla Vj\u00e1sadev\u00e1t lelki tan\u00edt\u00f3mestere arra biztatta, hogy tegye k\u00f6zz\u00e9 azok l\u00e9nyeg\u00e9t a Sr\u00edmad-Bh\u00e1gavatam form\u00e1j\u00e1ban.<br \/>\nA Bh\u00e1gavatam \u00f6ssze\u00e1ll\u00edt\u00e1sa ut\u00e1n Vj\u00e1sa a tan\u00edt\u00e1st \u00e1tadta fi\u00e1nak, Sukad\u00e9va Goszv\u00e1m\u00ednak, aki k\u00e9s\u0151bb a Gangesz partj\u00e1n a b\u00f6lcs szentek gy\u00fclekezet\u00e9ben az eg\u00e9szet elmondta Pariksit Mah\u00e1r\u00e1dzs\u00e1nak, a vil\u00e1g uralkod\u00f3j\u00e1nak, a nagy r\u00e1dzsarisinek (szent kir\u00e1lynak). Pariksit Mah\u00e1r\u00e1dzs\u00e1nak tudom\u00e1s\u00e1ra jutott, hogy egy h\u00e9ten bel\u00fcl meg fog halni, ez\u00e9rt lemondott eg\u00e9sz kir\u00e1lys\u00e1g\u00e1r\u00f3l, s visszavonult, hogy a Gangesz partj\u00e1n b\u00f6jt\u00f6lj\u00f6n hal\u00e1l\u00e1ig, s lelki megvil\u00e1gosod\u00e1st \u00e9ljen el. Pariksit Mah\u00e1r\u00e1dzsa b\u00f6lcs k\u00e9rd\u00e9sei \u00e9s Sukad\u00e9va Goszv\u00e1m\u00ed csod\u00e1latos v\u00e1laszai az \u00f6nval\u00f3 term\u00e9szet\u00e9t\u0151l a vil\u00e1gegyetem eredet\u00e9ig mindent fel\u00f6lelnek. E k\u00e9rd\u00e9sek \u00e9s v\u00e1laszok alkotj\u00e1k a Sr\u00edmad-Bh\u00e1gavatam alapj\u00e1t.<br \/>\nA Bh\u00e1gavatam els\u0151, magyar\u00e1zattal ell\u00e1tott, teljes ford\u00edt\u00e1s\u00e1val el\u0151sz\u00f6r tal\u00e1lkozhat az olvas\u00f3k\u00f6z\u00f6ns\u00e9g. Az els\u0151 tizenk\u00e9t k\u00f6tet (az Els\u0151 \u00c9nekt\u0151l a Tizedik \u00c9nek els\u0151 r\u00e9sz\u00e9ig) \u0150 Isteni Kegyelme A.C. Bhaktivedanta Swami Prabhup\u00e1da, a Krsna-tudat Nemzetk\u00f6zi Szervezet\u00e9nek alap\u00edt\u00f3 \u00e1cs\u00e1rj\u00e1ja, az indiai vall\u00e1si \u00e9s filoz\u00f3fiai b\u00f6lcselet vil\u00e1gszerte legelismertebb tan\u00edt\u00f3ja tudom\u00e1nyos \u00e9s odaad\u00f3 er\u0151fesz\u00edt\u00e9s\u00e9nek eredm\u00e9nye. A szanszkrit nyelv ter\u00e9n bizony\u00edtott tudom\u00e1nyos felk\u00e9sz\u00fclts\u00e9ge, alapos j\u00e1rtass\u00e1ga \u00fagy a v\u00e9dikus kult\u00far\u00e1ban \u00e9s gondolkod\u00e1sban, mint a modern \u00e9letm\u00f3dban lehet\u0151v\u00e9 teszi, hogy \u00e9rdekfesz\u00edt\u0151en t\u00e1rja a Nyugat el\u00e9 ezt a jelent\u0151s m\u0171vet.<br \/>\nA rendk\u00edv\u00fcl \u00e1tfog\u00f3 tolm\u00e1csol\u00e1s \u2013 az eredeti szanszkrit sz\u00f6vegek, a latin bet\u0171s \u00e1t\u00edr\u00e1s, az egyes szavak magyar megfelel\u0151i, a nagyszer\u0171 ford\u00edt\u00e1s \u00e9s a magyar\u00e1zatok \u2013 a t\u00e9ma szak\u00e9rt\u0151inek, tanulm\u00e1nyoz\u00f3inak \u00e9s az egyszer\u0171 laikusnak egyar\u00e1nt rendk\u00edv\u00fcli \u00e9lm\u00e9nyt jelenthet. A Bhaktivedanta Book Trust kiad\u00e1s\u00e1ban megjelent sokk\u00f6tetes \u00edr\u00e1s minden bizonnyal hossz\u00fa id\u0151re jelent\u0151s helyet foglal majd el a modern ember intellektu\u00e1lis, kultur\u00e1lis \u00e9s lelki \u00e9let\u00e9ben.<\/p><\/blockquote>\n","protected":false},"excerpt":{"rendered":"<p>A Sr\u00edmad-Bh\u00e1gavatam, amelyet <span style=\"color: #29292a;\">\u201ea<\/span> v\u00e9dikus irodalom f\u00e1ja \u00e9rett gy\u00fcm\u00f6lcs\u00e9nek\u201d neveznek, a v\u00e9dikus tud\u00e1s legteljesebb \u00e9s leghitelesebb bemutat\u00e1sa.<\/p>\n<p style=\"text-align: left;\"><span style=\"color: #ff6600;\">Rendeld meg azonnal telefonon!<br \/>\n<\/span><span style=\"color: #ff6600;\">Fodor M\u00e1ty\u00e1s (Murali Krisna Dasa)<br \/>\n<\/span><span style=\"color: #ff6600;\">+36 30 220 7136<br \/>\n<\/span><span style=\"color: #ff6600;\">hello@govindaklub.hu<\/span><\/p>\n","protected":false},"featured_media":2684,"comment_status":"open","ping_status":"closed","template":"","meta":[],"product_cat":[182],"product_tag":[],"jetpack_sharing_enabled":true,"_links":{"self":[{"href":"https:\/\/govindaklub.hu\/new_govinda\/wp-json\/wp\/v2\/product\/2682"}],"collection":[{"href":"https:\/\/govindaklub.hu\/new_govinda\/wp-json\/wp\/v2\/product"}],"about":[{"href":"https:\/\/govindaklub.hu\/new_govinda\/wp-json\/wp\/v2\/types\/product"}],"replies":[{"embeddable":true,"href":"https:\/\/govindaklub.hu\/new_govinda\/wp-json\/wp\/v2\/comments?post=2682"}],"wp:featuredmedia":[{"embeddable":true,"href":"https:\/\/govindaklub.hu\/new_govinda\/wp-json\/wp\/v2\/media\/2684"}],"wp:attachment":[{"href":"https:\/\/govindaklub.hu\/new_govinda\/wp-json\/wp\/v2\/media?parent=2682"}],"wp:term":[{"taxonomy":"product_cat","embeddable":true,"href":"https:\/\/govindaklub.hu\/new_govinda\/wp-json\/wp\/v2\/product_cat?post=2682"},{"taxonomy":"product_tag","embeddable":true,"href":"https:\/\/govindaklub.hu\/new_govinda\/wp-json\/wp\/v2\/product_tag?post=2682"}],"curies":[{"name":"wp","href":"https:\/\/api.w.org\/{rel}","templated":true}]}}