{"id":2900,"date":"2021-11-29T15:05:23","date_gmt":"2021-11-29T15:05:23","guid":{"rendered":"https:\/\/govindaklub.hu\/new_govinda\/?post_type=product&#038;p=2900"},"modified":"2022-09-23T15:04:00","modified_gmt":"2022-09-23T15:04:00","slug":"a-termeszet-iq-ja","status":"publish","type":"product","link":"https:\/\/govindaklub.hu\/new_govinda\/termek\/a-termeszet-iq-ja\/","title":{"rendered":"A term\u00e9szet IQ-ja"},"content":{"rendered":"<p>&nbsp;<\/p>\n<div class=\"video-shortcode\"><iframe title=\"A legnagyobb dilemma (Mi\u00e9rt fontos az eredet\u00fcnk? 1. r\u00e9sz)\" width=\"1170\" height=\"878\" src=\"https:\/\/www.youtube.com\/embed\/7317Sj_phYc?feature=oembed\" frameborder=\"0\" allow=\"accelerometer; autoplay; clipboard-write; encrypted-media; gyroscope; picture-in-picture\" allowfullscreen><\/iframe><\/div>\n<p>L\u00e1tsz\u00f3lag nincs semmi meglep\u0151 abban, hogy a hangy\u00e1k hangyak\u00e9nt, a madarak madarakk\u00e9nt, az eml\u0151s\u00e1llatok pedig eml\u0151s\u00f6kk\u00e9nt viselkednek. T\u00e1pl\u00e1lkoz\u00e1si, v\u00e9dekez\u00e9si szaporod\u00e1si tev\u00e9kenys\u00e9geik jelent\u0151s r\u00e9sz\u00e9t sz\u00fclet\u00e9s\u00fckt\u0151l fogva adott m\u00f3don, \u00f6szt\u00f6n\u00f6sen hajtj\u00e1k v\u00e9gre. De honnan tudj\u00e1k az \u00e1llatok, hogy mit, mikor \u00e9s hogyan kell csin\u00e1lniuk? Honnan sz\u00e1rmazik a term\u00e9szet intelligenci\u00e1ja? Igaz lenne az a manaps\u00e1g sz\u00e9les k\u00f6rben hangoztatott elk\u00e9pzel\u00e9s, mely szerint a tudatlan anyagmassza hossz\u00fa id\u0151 leforg\u00e1sa alatt intelligenss\u00e9 v\u00e1lt? Saj\u00e1t mag\u00e1t\u00f3l intelligens a term\u00e9szet?<\/p>\n<p>Napjainkban a legt\u00f6bb kutat\u00f3 az egyszer\u0171bb viselked\u00e9sform\u00e1k fokozatos v\u00e1ltoz\u00e1sai alapj\u00e1n pr\u00f3b\u00e1lja elmagyar\u00e1zni az \u00f6sszetett magatart\u00e1sform\u00e1k eredet\u00e9t. Azonban \u00f3ri\u00e1si meglepet\u00e9sek \u00e9rnek minket, amikor megpr\u00f3b\u00e1ljuk ezen a l\u00e9pcs\u0151zetes m\u00f3don levezetni egyes konkr\u00e9t \u00e1llati cselekv\u00e9sek \u201ekialakul\u00e1s\u00e1t\u201d \u2013 s kider\u00fcl, hogy ez lehetetlen!<\/p>\n<p>Elk\u00e9pzelhet\u0151, hogy ink\u00e1bb ez term\u00e9szetfeletti, k\u00fcls\u0151 intelligencia t\u00fckr\u00f6z\u0151dik soksz\u00edn\u0171en a vil\u00e1gunkban, amely \u2013 vagy aki \u2013 v\u00e9gtelen\u00fcl \u00f6tletes megold\u00e1sokat alkalmazott az \u00e9l\u0151vil\u00e1g kialak\u00edt\u00e1sa sor\u00e1n? D\u00f6nts\u00f6n az olvas\u00f3!<\/p>\n<p>\u201eVannak \u00f6szt\u00f6n\u00f6k, melyek oly csod\u00e1latosak, hogy kifejl\u0151d\u00e9s\u00fck probl\u00e9m\u00e1j\u00e1t az olvas\u00f3 val\u00f3sz\u00edn\u0171leg az eg\u00e9sz elm\u00e9letemet megd\u00f6nt\u0151 neh\u00e9zs\u00e9gnek fogja tekinteni.\u201d<\/p>\n<p><em>Charles Darwin: A fajok eredete<\/em><\/p>\n<p>\u201eAk\u00e1r egy b\u00e1rsonykeszty\u0171vel bor\u00edtott vas\u00f6k\u00f6l, e megnyer\u0151 k\u00fclsej\u0171 k\u00f6nyv er\u0151teljes<\/p>\n<p>intellektu\u00e1lis \u00e9rvekkel k\u00e9rd\u0151jelezi meg a kort\u00e1rs term\u00e9szettudom\u00e1ny evol\u00faci\u00f3s<\/p>\n<p>felfog\u00e1s\u00e1t.\u201d<\/p>\n<p><em>Prof. Janardan Chitode, PhD, \u00edr\u00f3, Bhartiya Vidyapeeth Egyetem<\/em><\/p>\n<p>\u201eA term\u00e9szet IQ-ja megvil\u00e1gos\u00edt\u00f3 erej\u0171 \u00e9lm\u00e9ny mindazok sz\u00e1m\u00e1ra, akik eddig azt hitt\u00e9k, hogy az evol\u00faci\u00f3 bizony\u00edtott t\u00e9ny. Perd\u00f6nt\u0151 \u00e9rv azok sz\u00e1m\u00e1ra, akik hallottak m\u00e1r pro \u00e9s kontra \u00e9rveket az evol\u00faci\u00f3elm\u00e9letr\u0151l, de eddig bizonytalanok voltak. Tov\u00e1bb\u00e1 meggy\u0151z\u0151 p\u00e9ldat\u00e1r azok sz\u00e1m\u00e1ra, akik egy spiritu\u00e1lis paradigm\u00e1t szeretn\u00e9nek bevezetni a modern tudom\u00e1nyba.\u201d<\/p>\n<p><em>Prof. Rajesh Jalnekar, PhD, a Vidhwakarma M\u0171szaki Egyetem tudom\u00e1nyos d\u00e9k\u00e1nja<\/em><\/p>\n<p>\u201eHihet\u0151-e, hogy az \u00e9l\u0151vil\u00e1g e v\u00e9gtelen\u00fcl val\u00f3sz\u00edn\u0171tlen \u2013 mondhatjuk b\u00e1tran: csod\u00e1latos<\/p>\n<p>\u2013 jelens\u00e9geit a mut\u00e1ci\u00f3-szelekci\u00f3 primit\u00edv, ir\u00e1ny\u00edtatlan mechanizmusa hozta l\u00e9tre?<\/p>\n<p><em>Dr. Jeszenszky Ferenc, okl. fizikus<\/em><\/p>\n<p>&nbsp;<\/p>\n<p><strong>K\u00e9rd\u00e9sek \u00e9s krisn\u00e1sok m\u0171sorban a szerz\u0151vel besz\u00e9lgett\u00fcnk:<br \/>\n<\/strong><\/p>\n<div class=\"video-shortcode\"><iframe title=\"A term\u00e9szet IQ-ja - K\u00e9rd\u00e9sek \u00e9s krisn\u00e1sok #59\" width=\"1170\" height=\"658\" src=\"https:\/\/www.youtube.com\/embed\/n-1nMlPVrKw?feature=oembed\" frameborder=\"0\" allow=\"accelerometer; autoplay; clipboard-write; encrypted-media; gyroscope; picture-in-picture\" allowfullscreen><\/iframe><\/div>\n<p><strong>\u00a0<\/strong><\/p>\n","protected":false},"excerpt":{"rendered":"<p class=\"is-style-default\"><strong>Honnan sz\u00e1rmaznak az \u00e1llatok titokzatos \u00f6szt\u00f6nei?<\/strong><\/p>\n<p>T\u00f6bb mint sz\u00e1z elk\u00e9peszt\u0151, meg nem magyar\u00e1zott jelens\u00e9g az \u00e1llatok vil\u00e1g\u00e1b\u00f3l, k\u00e9tsz\u00e1z gy\u00f6ny\u00f6r\u0171 sz\u00ednes k\u00e9ppel. Egy k\u00f6nyv, amely egyszerre gy\u00f6ny\u00f6rk\u00f6dtet, sz\u00f3rakoztat \u00e9s elgondolkodtat. Megjelent a k\u00f6nyv\u00a0<strong>negyedik kiad\u00e1sa<\/strong>, ez\u00fattal felfriss\u00edtett k\u00e9panyaggal.<\/p>\n<p><em>Miut\u00e1n feltett\u00fck magunknak a k\u00e9rd\u00e9st, hogyan jelent meg el\u0151sz\u00f6r egy \u00f6szt\u00f6n\u00f6s viselked\u00e9si mint\u00e1zat, \u00e9s hogyan v\u00e1lt \u00f6r\u00f6kletess\u00e9, nem tudunk v\u00e1lasz adni r\u00e1.\u201d<\/em><br \/>\n<strong>(<em>Gordon R. Taylor, a BBC volt tudom\u00e1nyos munkat\u00e1rsa<\/em>)<\/strong><\/p>\n","protected":false},"featured_media":2902,"comment_status":"open","ping_status":"closed","template":"","meta":[],"product_cat":[182],"product_tag":[],"jetpack_sharing_enabled":true,"_links":{"self":[{"href":"https:\/\/govindaklub.hu\/new_govinda\/wp-json\/wp\/v2\/product\/2900"}],"collection":[{"href":"https:\/\/govindaklub.hu\/new_govinda\/wp-json\/wp\/v2\/product"}],"about":[{"href":"https:\/\/govindaklub.hu\/new_govinda\/wp-json\/wp\/v2\/types\/product"}],"replies":[{"embeddable":true,"href":"https:\/\/govindaklub.hu\/new_govinda\/wp-json\/wp\/v2\/comments?post=2900"}],"wp:featuredmedia":[{"embeddable":true,"href":"https:\/\/govindaklub.hu\/new_govinda\/wp-json\/wp\/v2\/media\/2902"}],"wp:attachment":[{"href":"https:\/\/govindaklub.hu\/new_govinda\/wp-json\/wp\/v2\/media?parent=2900"}],"wp:term":[{"taxonomy":"product_cat","embeddable":true,"href":"https:\/\/govindaklub.hu\/new_govinda\/wp-json\/wp\/v2\/product_cat?post=2900"},{"taxonomy":"product_tag","embeddable":true,"href":"https:\/\/govindaklub.hu\/new_govinda\/wp-json\/wp\/v2\/product_tag?post=2900"}],"curies":[{"name":"wp","href":"https:\/\/api.w.org\/{rel}","templated":true}]}}