{"id":3250,"date":"2022-11-13T10:49:52","date_gmt":"2022-11-13T10:49:52","guid":{"rendered":"https:\/\/govindaklub.hu\/new_govinda\/?post_type=product&#038;p=3250"},"modified":"2024-07-11T12:45:18","modified_gmt":"2024-07-11T12:45:18","slug":"srila-prabhupada-lilamrta","status":"publish","type":"product","link":"https:\/\/govindaklub.hu\/new_govinda\/termek\/srila-prabhupada-lilamrta\/","title":{"rendered":"\u015ar\u012bla Prabhup\u0101da-l\u012bl\u0101m\u1e5bta"},"content":{"rendered":"<p>\u0150 Isteni Kegyelme A.C. Bhaktivedanta Swami sz\u00e1m\u00e1ra \u2014 akit k\u00e9s\u0151bb Srila Prabhup\u00e1dak\u00e9nt ismert meg a vil\u00e1g \u2014 az 1965. \u00e9vet k\u00f6vet\u0151 id\u0151szak hozta meg a h\u00edrnevet: ez volt az az \u00e9v, amikor meg\u00e9rkezett Amerik\u00e1ba. Am\u00edg Indi\u00e1ban \u00e9lt, csup\u00e1n h\u00e1rom k\u00f6nyvet \u00edrt, m\u00edg azut\u00e1n, hogy elhagyta Indi\u00e1t, tizenk\u00e9t \u00e9v leforg\u00e1sa alatt t\u00f6bb mint hatvanat. Amerik\u00e1ba \u00e9rkez\u00e9se el\u0151tt csup\u00e1n egyetlen egy tan\u00edtv\u00e1nyt avatott fel, a r\u00e1k\u00f6vetkez\u0151 tizenk\u00e9t \u00e9vben azonban t\u00f6bb mint n\u00e9gyezret. Indi\u00e1ban j\u00f3form\u00e1n senki sem hitt benne, hogy valaha is val\u00f3ra v\u00e1ltja \u00e1lm\u00e1t Krisna bhakt\u00e1inak vil\u00e1gm\u00e9ret\u0171 szervezet\u00e9r\u0151l, \u00e1m az azt k\u00f6vet\u0151 \u00e9vtizedben megalap\u00edtotta a Krisna-tudat Nemzetk\u00f6zi Szervezet\u00e9t, ir\u00e1ny\u00edtotta tev\u00e9kenys\u00e9g\u00e9t, \u00e9s t\u00f6bb mint sz\u00e1z k\u00f6zpontot nyitott. Miel\u0151tt Amerik\u00e1ba haj\u00f3zott volna, egyetlen egyszer sem hagyta el Indi\u00e1t, m\u00edg a k\u00f6vetkez\u0151 tizenk\u00e9t \u00e9vben a Krisna-tudat mozgalm\u00e1t hirdetve sz\u00e1mtalanszor k\u00f6rbej\u00e1rta a vil\u00e1got.<br \/>\n\u00c9letm\u0171ve tal\u00e1n k\u00e9s\u0151i gy\u00fcm\u00f6lcsnek t\u0171nhet, \u00e1m \u00e9lete els\u0151 hatvankilenc \u00e9v\u00e9ben forradalmi v\u00e1ltoz\u00e1st hoz\u00f3 lelki mozgalm\u00e1nak megval\u00f3s\u00edt\u00e1s\u00e1ra k\u00e9sz\u00fcl\u0151d\u00f6tt. Az amerikaiak sz\u00e1m\u00e1ra Prabhup\u00e1da \u00e9s tan\u00edt\u00e1sa a semmib\u0151l t\u0171nt el\u0151, ismeretlen\u00fcl \u00e9s v\u00e1ratlanul \u2014 \u201eOlyan volt, mint egy Aladdin l\u00e1mp\u00e1j\u00e1b\u00f3l kiszabadult dzsinn\u201d \u2014, \u00e1m val\u00f3j\u00e1ban egy t\u00f6bb \u00e9vsz\u00e1zados kult\u00fara rend\u00edthetetlen k\u00e9pvisel\u0151je volt.<\/p>\n","protected":false},"excerpt":{"rendered":"<p>Az amerikaiak sz\u00e1m\u00e1ra Prabhup\u00e1da \u00e9s tan\u00edt\u00e1sa a semmib\u0151l t\u0171nt el\u0151, ismeretlen\u00fcl \u00e9s v\u00e1ratlanul \u2014 \u201eOlyan volt, mint egy Aladdin l\u00e1mp\u00e1j\u00e1b\u00f3l kiszabadult dzsinn\u201d \u2014, \u00e1m val\u00f3j\u00e1ban egy t\u00f6bb \u00e9vsz\u00e1zados kult\u00fara rend\u00edthetetlen k\u00e9pvisel\u0151je volt.<\/p>\n<p><span style=\"color: #ff0000;\"><strong>!!!FONTOS:<\/strong> A k\u00f6nyv jelenleg <strong>el\u0151rendelhet\u0151<\/strong> \u00e9s k\u00e9zhezvenni leghamarabb <strong>November 24-\u00e9n<\/strong> lehet majd.<strong><br \/>\n<\/strong>Limimt\u00e1lt p\u00e9d\u00e1nysz\u00e1m lett nyomtatva ez\u00e9rt \u00e9rdemes rendelni bel\u0151le min\u00e9l hamarabb.<\/span><\/p>\n<p><span style=\"color: #ff0000;\">November 24 ut\u00e1n az el\u0151rendelt p\u00e9ld\u00e1nyokat \u00e1t lehet venni szem\u00e9lyesen vagy post\u00e1zzuk a megrendel\u00e9s alapj\u00e1n.<\/span><\/p>\n<p><span style=\"color: #ff6600;\">Rendeld meg azonnal telefonon!<\/span><br \/>\n<span style=\"color: #ff6600;\">Triyuga Dasa<\/span><br \/>\n<span style=\"color: #ff6600;\">+36 30 502 4889<\/span><br \/>\n<span style=\"color: #ff6600;\">hello@govindaklub.hu<\/span><\/p>\n<p>&nbsp;<\/p>\n<p>&nbsp;<\/p>\n","protected":false},"featured_media":3286,"comment_status":"open","ping_status":"closed","template":"","meta":[],"product_cat":[182],"product_tag":[],"jetpack_sharing_enabled":true,"_links":{"self":[{"href":"https:\/\/govindaklub.hu\/new_govinda\/wp-json\/wp\/v2\/product\/3250"}],"collection":[{"href":"https:\/\/govindaklub.hu\/new_govinda\/wp-json\/wp\/v2\/product"}],"about":[{"href":"https:\/\/govindaklub.hu\/new_govinda\/wp-json\/wp\/v2\/types\/product"}],"replies":[{"embeddable":true,"href":"https:\/\/govindaklub.hu\/new_govinda\/wp-json\/wp\/v2\/comments?post=3250"}],"wp:featuredmedia":[{"embeddable":true,"href":"https:\/\/govindaklub.hu\/new_govinda\/wp-json\/wp\/v2\/media\/3286"}],"wp:attachment":[{"href":"https:\/\/govindaklub.hu\/new_govinda\/wp-json\/wp\/v2\/media?parent=3250"}],"wp:term":[{"taxonomy":"product_cat","embeddable":true,"href":"https:\/\/govindaklub.hu\/new_govinda\/wp-json\/wp\/v2\/product_cat?post=3250"},{"taxonomy":"product_tag","embeddable":true,"href":"https:\/\/govindaklub.hu\/new_govinda\/wp-json\/wp\/v2\/product_tag?post=3250"}],"curies":[{"name":"wp","href":"https:\/\/api.w.org\/{rel}","templated":true}]}}