{"id":3272,"date":"2022-11-17T13:50:31","date_gmt":"2022-11-17T13:50:31","guid":{"rendered":"https:\/\/govindaklub.hu\/new_govinda\/?post_type=product&#038;p=3272"},"modified":"2023-12-13T10:11:35","modified_gmt":"2023-12-13T10:11:35","slug":"10-db-onmegvalositas-tudomanya","status":"publish","type":"product","link":"https:\/\/govindaklub.hu\/new_govinda\/termek\/10-db-onmegvalositas-tudomanya\/","title":{"rendered":"Egynapos t\u00e1mogat\u00f3i k\u00f6nyvcsomag"},"content":{"rendered":"<p>A Dh\u00edra Kutirban a di\u00e1koknak a mindennapi ingyen \u00e9tel mellett lelki tud\u00e1st is szeretn\u00e9nk adni. Ebben most Te is seg\u00edthetsz. Szponzor\u00e1lj meg egy \u00e1ltalad v\u00e1lasztott k\u00f6nyvet, a megv\u00e1s\u00e1rolt p\u00e9ld\u00e1nyokat a di\u00e1koknak adjuk az eb\u00e9d mell\u00e9 aj\u00e1nd\u00e9kba. De b\u00e1rmilyen k\u00f6nyvet v\u00e1lasztasz is a webshopb\u00f3l, ak\u00e1r magadnak, ak\u00e1r m\u00e1snak, a fiatal gener\u00e1ci\u00f3nak biztos\u00edtasz egy szebb j\u00f6v\u0151t. Min\u00e9l t\u00f6bbekhez jut el a lelki tud\u00e1s, ann\u00e1l t\u00f6bb boldog ember lesz. Ez pedig a sz\u00e9p j\u00f6v\u0151 z\u00e1loga. Seg\u00edts te is egy szponzor\u00e1ci\u00f3val!<\/p>\n","protected":false},"excerpt":{"rendered":"<p>A Dh\u00edra Kutirban a di\u00e1koknak a mindennapi ingyen \u00e9tel mellett lelki tud\u00e1st is szeretn\u00e9nk adni. Ebben most Te is seg\u00edthetsz. Szponzor\u00e1lj meg egy \u00e1ltalad v\u00e1lasztott k\u00f6nyvet, a megv\u00e1s\u00e1rolt p\u00e9ld\u00e1nyokat a di\u00e1koknak adjuk az eb\u00e9d mell\u00e9 aj\u00e1nd\u00e9kba. De b\u00e1rmilyen k\u00f6nyvet v\u00e1lasztasz is a webshopb\u00f3l, ak\u00e1r magadnak, ak\u00e1r m\u00e1snak, a fiatal gener\u00e1ci\u00f3nak biztos\u00edtasz egy szebb j\u00f6v\u0151t. Min\u00e9l t\u00f6bbekhez jut el a lelki tud\u00e1s, ann\u00e1l t\u00f6bb boldog ember lesz. Ez pedig a sz\u00e9p j\u00f6v\u0151 z\u00e1loga. Seg\u00edts te is egy szponzor\u00e1ci\u00f3val!<\/p>\n","protected":false},"featured_media":3316,"comment_status":"open","ping_status":"closed","template":"","meta":[],"product_cat":[192],"product_tag":[],"jetpack_sharing_enabled":true,"_links":{"self":[{"href":"https:\/\/govindaklub.hu\/new_govinda\/wp-json\/wp\/v2\/product\/3272"}],"collection":[{"href":"https:\/\/govindaklub.hu\/new_govinda\/wp-json\/wp\/v2\/product"}],"about":[{"href":"https:\/\/govindaklub.hu\/new_govinda\/wp-json\/wp\/v2\/types\/product"}],"replies":[{"embeddable":true,"href":"https:\/\/govindaklub.hu\/new_govinda\/wp-json\/wp\/v2\/comments?post=3272"}],"wp:featuredmedia":[{"embeddable":true,"href":"https:\/\/govindaklub.hu\/new_govinda\/wp-json\/wp\/v2\/media\/3316"}],"wp:attachment":[{"href":"https:\/\/govindaklub.hu\/new_govinda\/wp-json\/wp\/v2\/media?parent=3272"}],"wp:term":[{"taxonomy":"product_cat","embeddable":true,"href":"https:\/\/govindaklub.hu\/new_govinda\/wp-json\/wp\/v2\/product_cat?post=3272"},{"taxonomy":"product_tag","embeddable":true,"href":"https:\/\/govindaklub.hu\/new_govinda\/wp-json\/wp\/v2\/product_tag?post=3272"}],"curies":[{"name":"wp","href":"https:\/\/api.w.org\/{rel}","templated":true}]}}