{"id":3431,"date":"2023-04-25T15:56:12","date_gmt":"2023-04-25T15:56:12","guid":{"rendered":"https:\/\/govindaklub.hu\/new_govinda\/?post_type=product&#038;p=3431"},"modified":"2023-04-25T15:56:12","modified_gmt":"2023-04-25T15:56:12","slug":"india-spirit","status":"publish","type":"product","link":"https:\/\/govindaklub.hu\/new_govinda\/termek\/india-spirit\/","title":{"rendered":"India Spirit"},"content":{"rendered":"<p>A k\u00f6nyv szerz\u0151i \u00e9vtizedek \u00f3ta j\u00e1rj\u00e1k Indi\u00e1t. Rengeteg zar\u00e1ndokhelyet, v\u00e1rost, falut, templomot bej\u00e1rtak. \u00c9ltek is kint hosszabb ideig, \u00e9s a ragaszkod\u00e1suk Indi\u00e1hoz n\u0151tt\u00f6n-n\u0151tt. Ismerik az utc\u00e1kat, ismerik az embereket, a templomokat, a f\u00e9listeneket, az \u00e9teleket, a szagokat\u2026 ez a t\u00e1voli orsz\u00e1g az \u00e9let\u00fck r\u00e9sz\u00e9v\u00e9 v\u00e1lt. De a k\u00f6nyv nem egzotikus nyaral\u00e1sr\u00f3l sz\u00f3l, nem egy bakancslist\u00e1s kaland kipip\u00e1l\u00e1s\u00e1r\u00f3l. Sokkal ink\u00e1bb bels\u0151 utaz\u00e1sr\u00f3l, ami a k\u00fcls\u0151 fizikai vil\u00e1gban kezd\u0151dik. A kalandokon \u00e9s \u00e9lm\u00e9nyeken kereszt\u00fcl nem csak egy k\u00fcl\u00f6nleges orsz\u00e1got ismerhet\u00fcnk meg, hanem az \u0151si v\u00e9dikus kult\u00far\u00e1hoz is k\u00f6zelebb ker\u00fcl\u00fcnk. A bels\u0151 utaz\u00e1s pedig a spiritu\u00e1lis felfedez\u00e9sek \u00e9s felismer\u00e9sek vil\u00e1g\u00e1ba kalauzol benn\u00fcnket.<\/p>\n","protected":false},"excerpt":{"rendered":"<p>A k\u00f6nyv szerz\u0151i \u00e9vtizedek \u00f3ta j\u00e1rj\u00e1k Indi\u00e1t. Rengeteg zar\u00e1ndokhelyet, v\u00e1rost, falut, templomot bej\u00e1rtak. \u00c9ltek is kint hosszabb ideig, \u00e9s a ragaszkod\u00e1suk Indi\u00e1hoz n\u0151tt\u00f6n-n\u0151tt. Ismerik az utc\u00e1kat, ismerik az embereket, a templomokat, a f\u00e9listeneket, az \u00e9teleket, a szagokat\u2026 ez a t\u00e1voli orsz\u00e1g az \u00e9let\u00fck r\u00e9sz\u00e9v\u00e9 v\u00e1lt. De a k\u00f6nyv nem egzotikus nyaral\u00e1sr\u00f3l sz\u00f3l, nem egy bakancslist\u00e1s kaland kipip\u00e1l\u00e1s\u00e1r\u00f3l. Sokkal ink\u00e1bb bels\u0151 utaz\u00e1sr\u00f3l, ami a k\u00fcls\u0151 fizikai vil\u00e1gban kezd\u0151dik. A kalandokon \u00e9s \u00e9lm\u00e9nyeken kereszt\u00fcl nem csak egy k\u00fcl\u00f6nleges orsz\u00e1got ismerhet\u00fcnk meg, hanem az \u0151si v\u00e9dikus kult\u00far\u00e1hoz is k\u00f6zelebb ker\u00fcl\u00fcnk. A bels\u0151 utaz\u00e1s pedig a spiritu\u00e1lis felfedez\u00e9sek \u00e9s felismer\u00e9sek vil\u00e1g\u00e1ba kalauzol benn\u00fcnket.<\/p>\n","protected":false},"featured_media":3437,"comment_status":"open","ping_status":"closed","template":"","meta":[],"product_cat":[181],"product_tag":[],"jetpack_sharing_enabled":true,"_links":{"self":[{"href":"https:\/\/govindaklub.hu\/new_govinda\/wp-json\/wp\/v2\/product\/3431"}],"collection":[{"href":"https:\/\/govindaklub.hu\/new_govinda\/wp-json\/wp\/v2\/product"}],"about":[{"href":"https:\/\/govindaklub.hu\/new_govinda\/wp-json\/wp\/v2\/types\/product"}],"replies":[{"embeddable":true,"href":"https:\/\/govindaklub.hu\/new_govinda\/wp-json\/wp\/v2\/comments?post=3431"}],"wp:featuredmedia":[{"embeddable":true,"href":"https:\/\/govindaklub.hu\/new_govinda\/wp-json\/wp\/v2\/media\/3437"}],"wp:attachment":[{"href":"https:\/\/govindaklub.hu\/new_govinda\/wp-json\/wp\/v2\/media?parent=3431"}],"wp:term":[{"taxonomy":"product_cat","embeddable":true,"href":"https:\/\/govindaklub.hu\/new_govinda\/wp-json\/wp\/v2\/product_cat?post=3431"},{"taxonomy":"product_tag","embeddable":true,"href":"https:\/\/govindaklub.hu\/new_govinda\/wp-json\/wp\/v2\/product_tag?post=3431"}],"curies":[{"name":"wp","href":"https:\/\/api.w.org\/{rel}","templated":true}]}}