{"id":3695,"date":"2024-11-26T17:22:20","date_gmt":"2024-11-26T17:22:20","guid":{"rendered":"https:\/\/govindaklub.hu\/new_govinda\/?post_type=product&#038;p=3695"},"modified":"2024-11-26T17:22:20","modified_gmt":"2024-11-26T17:22:20","slug":"unnepi-konyvcsomag","status":"publish","type":"product","link":"https:\/\/govindaklub.hu\/new_govinda\/termek\/unnepi-konyvcsomag\/","title":{"rendered":"\u00dcnnepi k\u00f6nyvcsomag"},"content":{"rendered":"<p><strong>Rendelj most \u00e9s aj\u00e1nd\u00e9k mantra l\u00e1cot kapsz a k\u00f6nyvek mell\u00e9!<\/strong><\/p>\n<p>A k\u00f6nyvcsomag tartalma:<br \/>\n&#8211; V\u00e9da &#8211; A keletb\u00f6lcsess\u00e9ge<br \/>\n&#8211; Visszat\u00e9r\u00e9s<br \/>\n&#8211; Bhakti &#8211; A szeretet \u00e9s odaad\u00e1s j\u00f3g\u00e1ja<br \/>\n&#8211; Sz\u00fclet\u00e9sen \u00e9s hal\u00e1lon t\u00fal<\/p>\n","protected":false},"excerpt":{"rendered":"<p>Rendelj most \u00e9s aj\u00e1nd\u00e9k manttra l\u00e1cot kapsza k\u00f6nyvek mell\u00e9!<\/p>\n","protected":false},"featured_media":3697,"comment_status":"open","ping_status":"closed","template":"","meta":[],"product_cat":[181],"product_tag":[],"jetpack_sharing_enabled":true,"_links":{"self":[{"href":"https:\/\/govindaklub.hu\/new_govinda\/wp-json\/wp\/v2\/product\/3695"}],"collection":[{"href":"https:\/\/govindaklub.hu\/new_govinda\/wp-json\/wp\/v2\/product"}],"about":[{"href":"https:\/\/govindaklub.hu\/new_govinda\/wp-json\/wp\/v2\/types\/product"}],"replies":[{"embeddable":true,"href":"https:\/\/govindaklub.hu\/new_govinda\/wp-json\/wp\/v2\/comments?post=3695"}],"wp:featuredmedia":[{"embeddable":true,"href":"https:\/\/govindaklub.hu\/new_govinda\/wp-json\/wp\/v2\/media\/3697"}],"wp:attachment":[{"href":"https:\/\/govindaklub.hu\/new_govinda\/wp-json\/wp\/v2\/media?parent=3695"}],"wp:term":[{"taxonomy":"product_cat","embeddable":true,"href":"https:\/\/govindaklub.hu\/new_govinda\/wp-json\/wp\/v2\/product_cat?post=3695"},{"taxonomy":"product_tag","embeddable":true,"href":"https:\/\/govindaklub.hu\/new_govinda\/wp-json\/wp\/v2\/product_tag?post=3695"}],"curies":[{"name":"wp","href":"https:\/\/api.w.org\/{rel}","templated":true}]}}